{"id":9342,"date":"2022-09-14T17:49:45","date_gmt":"2022-09-14T20:49:45","guid":{"rendered":"https:\/\/wembe.com.py\/?post_type=product&#038;p=9342"},"modified":"2024-11-18T07:07:05","modified_gmt":"2024-11-18T10:07:05","slug":"luffa-exfoliante-almendra","status":"publish","type":"product","link":"https:\/\/wembe.com.py\/en\/product\/luffa-exfoliante-almendra\/","title":{"rendered":"Luffa Exfoliante &#8211; Almendra"},"content":{"rendered":"<h5><strong>LUFFA EXFOLIANTE \u2013 ALMENDRA (HIDRATANTE)<\/strong><\/h5>\n<p>&nbsp;<\/p>\n<p><strong><em>2 en 1 \u2013\u00a0<\/em><\/strong><strong><em>Jab\u00f3n Natural Antioxidante + Esponja Vegetal Exfoliante<\/em><\/strong><\/p>\n<p>&nbsp;<\/p>\n<p>Revitaliza tu piel y tus sentidos con esta mezcla llena de energ\u00eda. Hecho con el m\u00e1s puro aceite de almendras y con una esponja vegetal en el medio para una suave exfoliaci\u00f3n natural.<\/p>\n<p>Exfoliar la piel regularmente elimina las c\u00e9lulas muertas, estimula la circulaci\u00f3n, limpia profundamente y mejora la apariencia.<\/p>\n<p>Perfecto para todo tipo de piel.<\/p>","protected":false},"excerpt":{"rendered":"<p>LUFFA EXFOLIANTE \u2013 ALMENDRA (HIDRATANTE) &nbsp; 2 en 1 \u2013\u00a0Jab\u00f3n Natural Antioxidante + Esponja Vegetal Exfoliante &nbsp; Revitaliza tu piel y tus sentidos con esta mezcla llena de energ\u00eda. Hecho con el m\u00e1s puro aceite de almendras y con una esponja vegetal en el medio para una suave exfoliaci\u00f3n natural. Exfoliar la piel regularmente elimina [&hellip;]<\/p>\n","protected":false},"featured_media":9323,"comment_status":"open","ping_status":"closed","template":"","meta":{"_joinchat":[]},"product_brand":[],"product_cat":[78],"product_tag":[],"class_list":{"0":"post-9342","1":"product","2":"type-product","3":"status-publish","4":"has-post-thumbnail","6":"product_cat-luffas","8":"first","9":"outofstock","10":"taxable","11":"shipping-taxable","12":"purchasable","13":"product-type-simple"},"jetpack_sharing_enabled":true,"_links":{"self":[{"href":"https:\/\/wembe.com.py\/en\/wp-json\/wp\/v2\/product\/9342","targetHints":{"allow":["GET"]}}],"collection":[{"href":"https:\/\/wembe.com.py\/en\/wp-json\/wp\/v2\/product"}],"about":[{"href":"https:\/\/wembe.com.py\/en\/wp-json\/wp\/v2\/types\/product"}],"replies":[{"embeddable":true,"href":"https:\/\/wembe.com.py\/en\/wp-json\/wp\/v2\/comments?post=9342"}],"wp:featuredmedia":[{"embeddable":true,"href":"https:\/\/wembe.com.py\/en\/wp-json\/wp\/v2\/media\/9323"}],"wp:attachment":[{"href":"https:\/\/wembe.com.py\/en\/wp-json\/wp\/v2\/media?parent=9342"}],"wp:term":[{"taxonomy":"product_brand","embeddable":true,"href":"https:\/\/wembe.com.py\/en\/wp-json\/wp\/v2\/product_brand?post=9342"},{"taxonomy":"product_cat","embeddable":true,"href":"https:\/\/wembe.com.py\/en\/wp-json\/wp\/v2\/product_cat?post=9342"},{"taxonomy":"product_tag","embeddable":true,"href":"https:\/\/wembe.com.py\/en\/wp-json\/wp\/v2\/product_tag?post=9342"}],"curies":[{"name":"wp","href":"https:\/\/api.w.org\/{rel}","templated":true}]}}