{"id":9322,"date":"2022-09-13T13:44:46","date_gmt":"2022-09-13T16:44:46","guid":{"rendered":"https:\/\/wembe.com.py\/?post_type=product&#038;p=9322"},"modified":"2025-03-18T11:18:48","modified_gmt":"2025-03-18T14:18:48","slug":"luffa-exfoliante-acai","status":"publish","type":"product","link":"https:\/\/wembe.com.py\/en\/product\/luffa-exfoliante-acai\/","title":{"rendered":"Luffa Exfoliante &#8211; A\u00e7a\u00ed"},"content":{"rendered":"<h5><strong>Luffa exfoliante \u2013 A\u00c7A\u00cd (antioxidante)<\/strong><\/h5>\n<p>&nbsp;<\/p>\n<p><strong><em>2 en 1 \u2013 <\/em><\/strong><strong><em>Jab\u00f3n Natural Antioxidante + Esponja Vegetal Exfoliante<\/em><\/strong><\/p>\n<p>&nbsp;<\/p>\n<p>Dale a tu piel el regalo de la juventud con esta mezcla de aceite y extracto de a\u00e7a\u00ed, bien conocido por su poder antioxidante.<\/p>\n<p>Exfoliar la piel regularmente elimina las c\u00e9lulas muertas, estimula la circulaci\u00f3n, limpia profundamente y mejora la apariencia.<\/p>\n<p>&nbsp;<\/p>\n<p><strong>Efectos aromaterap\u00e9uticos:<\/strong>\u00a0energizante y balanceador.<\/p>","protected":false},"excerpt":{"rendered":"<p>Luffa exfoliante \u2013 A\u00c7A\u00cd (antioxidante) &nbsp; 2 en 1 \u2013 Jab\u00f3n Natural Antioxidante + Esponja Vegetal Exfoliante &nbsp; Dale a tu piel el regalo de la juventud con esta mezcla de aceite y extracto de a\u00e7a\u00ed, bien conocido por su poder antioxidante. Exfoliar la piel regularmente elimina las c\u00e9lulas muertas, estimula la circulaci\u00f3n, limpia profundamente [&hellip;]<\/p>\n","protected":false},"featured_media":10996,"comment_status":"open","ping_status":"closed","template":"","meta":{"_joinchat":[]},"product_brand":[],"product_cat":[78],"product_tag":[88,87,148],"class_list":{"0":"post-9322","1":"product","2":"type-product","3":"status-publish","4":"has-post-thumbnail","6":"product_cat-luffas","7":"product_tag-acai","8":"product_tag-antioxidante","9":"product_tag-luffas","11":"first","12":"instock","13":"taxable","14":"shipping-taxable","15":"purchasable","16":"product-type-simple"},"jetpack_sharing_enabled":true,"_links":{"self":[{"href":"https:\/\/wembe.com.py\/en\/wp-json\/wp\/v2\/product\/9322","targetHints":{"allow":["GET"]}}],"collection":[{"href":"https:\/\/wembe.com.py\/en\/wp-json\/wp\/v2\/product"}],"about":[{"href":"https:\/\/wembe.com.py\/en\/wp-json\/wp\/v2\/types\/product"}],"replies":[{"embeddable":true,"href":"https:\/\/wembe.com.py\/en\/wp-json\/wp\/v2\/comments?post=9322"}],"wp:featuredmedia":[{"embeddable":true,"href":"https:\/\/wembe.com.py\/en\/wp-json\/wp\/v2\/media\/10996"}],"wp:attachment":[{"href":"https:\/\/wembe.com.py\/en\/wp-json\/wp\/v2\/media?parent=9322"}],"wp:term":[{"taxonomy":"product_brand","embeddable":true,"href":"https:\/\/wembe.com.py\/en\/wp-json\/wp\/v2\/product_brand?post=9322"},{"taxonomy":"product_cat","embeddable":true,"href":"https:\/\/wembe.com.py\/en\/wp-json\/wp\/v2\/product_cat?post=9322"},{"taxonomy":"product_tag","embeddable":true,"href":"https:\/\/wembe.com.py\/en\/wp-json\/wp\/v2\/product_tag?post=9322"}],"curies":[{"name":"wp","href":"https:\/\/api.w.org\/{rel}","templated":true}]}}