{"id":9309,"date":"2022-09-12T21:51:48","date_gmt":"2022-09-12T21:51:48","guid":{"rendered":"https:\/\/wembe.com.py\/?post_type=product&#038;p=9309"},"modified":"2025-10-20T11:44:58","modified_gmt":"2025-10-20T14:44:58","slug":"kit-de-viaje","status":"publish","type":"product","link":"https:\/\/wembe.com.py\/en\/product\/kit-de-viaje\/","title":{"rendered":"Kit de Viaje"},"content":{"rendered":"<h5>KIT de Viaje Wemb\u00e9<\/h5>\n<p><em><strong>Cuidado Personal + Aromaterapia + Tama\u00f1o de Viaje<\/strong><\/em><\/p>\n<p>Sobre de tela de tama\u00f1o personal ideal para llevar tus jaboncitos en la maleta o cartera sin ocupar espacio. Tambi\u00e9n son buenos para regalo.<\/p>\n<p><strong>Incluye:<\/strong><\/p>\n<p>\u2022 10 Jaboncitos surtidos de 20g<\/p>\n<p>\u2022 1 Sobre WEMB\u00c9 de tela paraguaya Pilar<\/p>","protected":false},"excerpt":{"rendered":"<p>KIT de Viaje Wemb\u00e9 Cuidado Personal + Aromaterapia + Tama\u00f1o de Viaje Sobre de tela de tama\u00f1o personal ideal para llevar tus jaboncitos en la maleta o cartera sin ocupar espacio. Tambi\u00e9n son buenos para regalo. Incluye: \u2022 10 Jaboncitos surtidos de 20g \u2022 1 Sobre WEMB\u00c9 de tela paraguaya Pilar<\/p>","protected":false},"featured_media":9300,"comment_status":"open","ping_status":"closed","template":"","meta":{"_joinchat":[]},"product_brand":[],"product_cat":[72,77],"product_tag":[149,147],"class_list":{"0":"post-9309","1":"product","2":"type-product","3":"status-publish","4":"has-post-thumbnail","6":"product_cat-jabones","7":"product_cat-kits","8":"product_tag-jabones","9":"product_tag-kits","11":"first","12":"instock","13":"taxable","14":"shipping-taxable","15":"purchasable","16":"product-type-simple"},"jetpack_sharing_enabled":true,"_links":{"self":[{"href":"https:\/\/wembe.com.py\/en\/wp-json\/wp\/v2\/product\/9309","targetHints":{"allow":["GET"]}}],"collection":[{"href":"https:\/\/wembe.com.py\/en\/wp-json\/wp\/v2\/product"}],"about":[{"href":"https:\/\/wembe.com.py\/en\/wp-json\/wp\/v2\/types\/product"}],"replies":[{"embeddable":true,"href":"https:\/\/wembe.com.py\/en\/wp-json\/wp\/v2\/comments?post=9309"}],"wp:featuredmedia":[{"embeddable":true,"href":"https:\/\/wembe.com.py\/en\/wp-json\/wp\/v2\/media\/9300"}],"wp:attachment":[{"href":"https:\/\/wembe.com.py\/en\/wp-json\/wp\/v2\/media?parent=9309"}],"wp:term":[{"taxonomy":"product_brand","embeddable":true,"href":"https:\/\/wembe.com.py\/en\/wp-json\/wp\/v2\/product_brand?post=9309"},{"taxonomy":"product_cat","embeddable":true,"href":"https:\/\/wembe.com.py\/en\/wp-json\/wp\/v2\/product_cat?post=9309"},{"taxonomy":"product_tag","embeddable":true,"href":"https:\/\/wembe.com.py\/en\/wp-json\/wp\/v2\/product_tag?post=9309"}],"curies":[{"name":"wp","href":"https:\/\/api.w.org\/{rel}","templated":true}]}}