{"id":9295,"date":"2022-09-12T13:41:25","date_gmt":"2022-09-12T13:41:25","guid":{"rendered":"https:\/\/wembe.com.py\/?post_type=product&#038;p=9295"},"modified":"2024-05-20T14:19:35","modified_gmt":"2024-05-20T17:19:35","slug":"hierbas-magicas-bambu","status":"publish","type":"product","link":"https:\/\/wembe.com.py\/en\/product\/hierbas-magicas-bambu\/","title":{"rendered":"Sales de Ba\u00f1o &#8211; Hierbas M\u00e1gicas (Bamb\u00fa)"},"content":{"rendered":"<h5>Sales Naturales de Ba\u00f1o &#8211; Hierbas M\u00e1gicas (Bamb\u00fa)<\/h5>\n<p><em><strong>Para utilizar en la tina, en la ducha, para remojar los pies y como exfoliador corporal.<\/strong><\/em><\/p>\n<p>&nbsp;<\/p>\n<p>Envase de bamb\u00fa reutilizable &#8211; 800g<\/p>\n<p>&nbsp;<\/p>\n<p>Los chamanes del Amazonas dicen que esta mezcla m\u00e1gica sana todas las cosas. Nosotros solamente la disfrutamos por su esencia ex\u00f3tica y principalmente por su poder altamente relajante.<\/p>\n<p><strong>Instrucciones: <\/strong>Sumergir una bolsita de Sales Naturales de Ba\u00f1o WEMB\u00c9\u00ae en el agua de la tina, cargada con temperatura a gusto, fr\u00eca o caliente, o bien liberar el contenido de media bolsita esparciendo directamente en el agua si as\u00ed se prefiere. Dejar que se disuelva. Sumergirse y disfrutar.<\/p>\n<p>&nbsp;<\/p>","protected":false},"excerpt":{"rendered":"<p>Sales Naturales de Ba\u00f1o &#8211; Hierbas M\u00e1gicas (Bamb\u00fa) Para utilizar en la tina, en la ducha, para remojar los pies y como exfoliador corporal. &nbsp; Envase de bamb\u00fa reutilizable &#8211; 800g &nbsp; Los chamanes del Amazonas dicen que esta mezcla m\u00e1gica sana todas las cosas. Nosotros solamente la disfrutamos por su esencia ex\u00f3tica y principalmente [&hellip;]<\/p>\n","protected":false},"featured_media":9279,"comment_status":"open","ping_status":"closed","template":"","meta":{"_joinchat":[]},"product_brand":[],"product_cat":[73],"product_tag":[138,139,141],"class_list":{"0":"post-9295","1":"product","2":"type-product","3":"status-publish","4":"has-post-thumbnail","6":"product_cat-sales","7":"product_tag-hierbas-magicas","8":"product_tag-lata","9":"product_tag-sales-de-bano","11":"first","12":"instock","13":"taxable","14":"shipping-taxable","15":"purchasable","16":"product-type-simple"},"jetpack_sharing_enabled":true,"_links":{"self":[{"href":"https:\/\/wembe.com.py\/en\/wp-json\/wp\/v2\/product\/9295","targetHints":{"allow":["GET"]}}],"collection":[{"href":"https:\/\/wembe.com.py\/en\/wp-json\/wp\/v2\/product"}],"about":[{"href":"https:\/\/wembe.com.py\/en\/wp-json\/wp\/v2\/types\/product"}],"replies":[{"embeddable":true,"href":"https:\/\/wembe.com.py\/en\/wp-json\/wp\/v2\/comments?post=9295"}],"wp:featuredmedia":[{"embeddable":true,"href":"https:\/\/wembe.com.py\/en\/wp-json\/wp\/v2\/media\/9279"}],"wp:attachment":[{"href":"https:\/\/wembe.com.py\/en\/wp-json\/wp\/v2\/media?parent=9295"}],"wp:term":[{"taxonomy":"product_brand","embeddable":true,"href":"https:\/\/wembe.com.py\/en\/wp-json\/wp\/v2\/product_brand?post=9295"},{"taxonomy":"product_cat","embeddable":true,"href":"https:\/\/wembe.com.py\/en\/wp-json\/wp\/v2\/product_cat?post=9295"},{"taxonomy":"product_tag","embeddable":true,"href":"https:\/\/wembe.com.py\/en\/wp-json\/wp\/v2\/product_tag?post=9295"}],"curies":[{"name":"wp","href":"https:\/\/api.w.org\/{rel}","templated":true}]}}