{"id":9294,"date":"2022-09-08T19:51:10","date_gmt":"2022-09-08T19:51:10","guid":{"rendered":"https:\/\/wembe.com.py\/?post_type=product&#038;p=9294"},"modified":"2024-05-20T14:19:08","modified_gmt":"2024-05-20T17:19:08","slug":"espiritu-del-bosque-bambu","status":"publish","type":"product","link":"https:\/\/wembe.com.py\/en\/product\/espiritu-del-bosque-bambu\/","title":{"rendered":"Sales de Ba\u00f1o &#8211; Esp\u00edritu del Bosque (Bamb\u00fa)"},"content":{"rendered":"<h5>Sales Naturales de Ba\u00f1o &#8211; Esp\u00edritu del Bosque (Bamb\u00fa)<\/h5>\n<p><em><strong>Para utilizar en la tina, en la ducha, para remojar los pies y como exfoliador corporal.<\/strong><\/em><\/p>\n<p>&nbsp;<\/p>\n<p>Envase de bamb\u00fa reutilizable &#8211; 800g<\/p>\n<p>&nbsp;<\/p>\n<p>Disfruta de sumergirte en tu propio pedacito de bosque con este maravilloso blend de sales y hierbas naturales. Repir\u00e1 las<br \/>\nesencias de los \u00e1rboles y plantas y sent\u00ed la agradable sensaci\u00f3n en todo tu cuerpo.<\/p>\n<p><strong>Instrucciones: <\/strong>Sumergir una bolsita de Sales Naturales de Ba\u00f1o WEMB\u00c9\u00ae en el agua de la tina, cargada con temperatura a gusto, fr\u00eca o caliente, o bien liberar el contenido de media bolsita esparciendo directamente en el agua si as\u00ed se prefiere. Dejar que se disuelva. Sumergirse y disfrutar.<\/p>\n<p>&nbsp;<\/p>","protected":false},"excerpt":{"rendered":"<p>Sales Naturales de Ba\u00f1o &#8211; Esp\u00edritu del Bosque (Bamb\u00fa) Para utilizar en la tina, en la ducha, para remojar los pies y como exfoliador corporal. &nbsp; Envase de bamb\u00fa reutilizable &#8211; 800g &nbsp; Disfruta de sumergirte en tu propio pedacito de bosque con este maravilloso blend de sales y hierbas naturales. Repir\u00e1 las esencias de [&hellip;]<\/p>\n","protected":false},"featured_media":9277,"comment_status":"open","ping_status":"closed","template":"","meta":{"_joinchat":[]},"product_brand":[],"product_cat":[73],"product_tag":[144,139,141],"class_list":{"0":"post-9294","1":"product","2":"type-product","3":"status-publish","4":"has-post-thumbnail","6":"product_cat-sales","7":"product_tag-espiritu-del-bosque","8":"product_tag-lata","9":"product_tag-sales-de-bano","11":"first","12":"instock","13":"taxable","14":"shipping-taxable","15":"purchasable","16":"product-type-simple"},"jetpack_sharing_enabled":true,"_links":{"self":[{"href":"https:\/\/wembe.com.py\/en\/wp-json\/wp\/v2\/product\/9294","targetHints":{"allow":["GET"]}}],"collection":[{"href":"https:\/\/wembe.com.py\/en\/wp-json\/wp\/v2\/product"}],"about":[{"href":"https:\/\/wembe.com.py\/en\/wp-json\/wp\/v2\/types\/product"}],"replies":[{"embeddable":true,"href":"https:\/\/wembe.com.py\/en\/wp-json\/wp\/v2\/comments?post=9294"}],"wp:featuredmedia":[{"embeddable":true,"href":"https:\/\/wembe.com.py\/en\/wp-json\/wp\/v2\/media\/9277"}],"wp:attachment":[{"href":"https:\/\/wembe.com.py\/en\/wp-json\/wp\/v2\/media?parent=9294"}],"wp:term":[{"taxonomy":"product_brand","embeddable":true,"href":"https:\/\/wembe.com.py\/en\/wp-json\/wp\/v2\/product_brand?post=9294"},{"taxonomy":"product_cat","embeddable":true,"href":"https:\/\/wembe.com.py\/en\/wp-json\/wp\/v2\/product_cat?post=9294"},{"taxonomy":"product_tag","embeddable":true,"href":"https:\/\/wembe.com.py\/en\/wp-json\/wp\/v2\/product_tag?post=9294"}],"curies":[{"name":"wp","href":"https:\/\/api.w.org\/{rel}","templated":true}]}}