{"id":9268,"date":"2022-09-08T16:15:35","date_gmt":"2022-09-08T16:15:35","guid":{"rendered":"https:\/\/wembe.com.py\/?post_type=product&#038;p=9268"},"modified":"2024-05-21T14:51:59","modified_gmt":"2024-05-21T17:51:59","slug":"sales-de-bano-espiritu-del-bosque-lata","status":"publish","type":"product","link":"https:\/\/wembe.com.py\/en\/product\/sales-de-bano-espiritu-del-bosque-lata\/","title":{"rendered":"Sales de Ba\u00f1o &#8211; Esp\u00edritu del Bosque (Lata)"},"content":{"rendered":"<h5>Sales Naturales de Ba\u00f1o &#8211; Esp\u00edritu del Bosque (Lata)<\/h5>\n<p>Envase de aluminio reutilizable &#8211; 100g<\/p>\n<p>Disfruta de sumergirte en tu propio pedacito de bosque con este maravilloso blend de sales y hierbas naturales. Repir\u00e1 las esencias de los \u00e1rboles y plantas y sent\u00ed la agradable sensaci\u00f3n en todo tu cuerpo.<\/p>\n<p><strong>Instrucciones:<\/strong> Liberar el contenido directamente en una tina o en palangana para pies con agua fr\u00eda o caliente seg\u00fan tu preferencia. Sumergirse y disfrutar.<\/p>","protected":false},"excerpt":{"rendered":"<p>Sales Naturales de Ba\u00f1o &#8211; Esp\u00edritu del Bosque (Lata) Envase de aluminio reutilizable &#8211; 100g Disfruta de sumergirte en tu propio pedacito de bosque con este maravilloso blend de sales y hierbas naturales. Repir\u00e1 las esencias de los \u00e1rboles y plantas y sent\u00ed la agradable sensaci\u00f3n en todo tu cuerpo. Instrucciones: Liberar el contenido directamente [&hellip;]<\/p>\n","protected":false},"featured_media":9256,"comment_status":"open","ping_status":"closed","template":"","meta":{"_joinchat":[]},"product_brand":[],"product_cat":[73],"product_tag":[144,139,142],"class_list":{"0":"post-9268","1":"product","2":"type-product","3":"status-publish","4":"has-post-thumbnail","6":"product_cat-sales","7":"product_tag-espiritu-del-bosque","8":"product_tag-lata","9":"product_tag-sales-naturales-de-bano","11":"first","12":"outofstock","13":"taxable","14":"shipping-taxable","15":"purchasable","16":"product-type-simple"},"jetpack_sharing_enabled":true,"_links":{"self":[{"href":"https:\/\/wembe.com.py\/en\/wp-json\/wp\/v2\/product\/9268","targetHints":{"allow":["GET"]}}],"collection":[{"href":"https:\/\/wembe.com.py\/en\/wp-json\/wp\/v2\/product"}],"about":[{"href":"https:\/\/wembe.com.py\/en\/wp-json\/wp\/v2\/types\/product"}],"replies":[{"embeddable":true,"href":"https:\/\/wembe.com.py\/en\/wp-json\/wp\/v2\/comments?post=9268"}],"wp:featuredmedia":[{"embeddable":true,"href":"https:\/\/wembe.com.py\/en\/wp-json\/wp\/v2\/media\/9256"}],"wp:attachment":[{"href":"https:\/\/wembe.com.py\/en\/wp-json\/wp\/v2\/media?parent=9268"}],"wp:term":[{"taxonomy":"product_brand","embeddable":true,"href":"https:\/\/wembe.com.py\/en\/wp-json\/wp\/v2\/product_brand?post=9268"},{"taxonomy":"product_cat","embeddable":true,"href":"https:\/\/wembe.com.py\/en\/wp-json\/wp\/v2\/product_cat?post=9268"},{"taxonomy":"product_tag","embeddable":true,"href":"https:\/\/wembe.com.py\/en\/wp-json\/wp\/v2\/product_tag?post=9268"}],"curies":[{"name":"wp","href":"https:\/\/api.w.org\/{rel}","templated":true}]}}