{"id":9266,"date":"2022-09-08T15:44:43","date_gmt":"2022-09-08T15:44:43","guid":{"rendered":"https:\/\/wembe.com.py\/?post_type=product&#038;p=9266"},"modified":"2024-05-21T14:51:33","modified_gmt":"2024-05-21T17:51:33","slug":"sales-de-bano-hierbas-magicas-lata","status":"publish","type":"product","link":"https:\/\/wembe.com.py\/en\/product\/sales-de-bano-hierbas-magicas-lata\/","title":{"rendered":"Sales de Ba\u00f1o &#8211; Hierbas M\u00e1gicas (Lata)"},"content":{"rendered":"<h5>Sales Naturales de Ba\u00f1o &#8211; Hierbas M\u00e1gicas (Lata)<\/h5>\n<p>Envase de aluminio reutilizable &#8211; 100g<\/p>\n<p>Los chamanes del Amazonas dicen que esta mezcla m\u00e1gica sana todas las cosas. Nosotros solamente la disfrutamos por su esencia ex\u00f3tica y principalmente por su poder altamente relajante.<\/p>\n<p><strong>Instrucciones:<\/strong> Liberar el contenido directamente en una tina o en palangana para pies con agua fr\u00eda o caliente seg\u00fan tu preferencia. Sumergirse y disfrutar.<\/p>","protected":false},"excerpt":{"rendered":"<p>Sales Naturales de Ba\u00f1o &#8211; Hierbas M\u00e1gicas (Lata) Envase de aluminio reutilizable &#8211; 100g Los chamanes del Amazonas dicen que esta mezcla m\u00e1gica sana todas las cosas. Nosotros solamente la disfrutamos por su esencia ex\u00f3tica y principalmente por su poder altamente relajante. Instrucciones: Liberar el contenido directamente en una tina o en palangana para pies [&hellip;]<\/p>\n","protected":false},"featured_media":9257,"comment_status":"open","ping_status":"closed","template":"","meta":{"_joinchat":[]},"product_brand":[],"product_cat":[73],"product_tag":[138,139,142],"class_list":{"0":"post-9266","1":"product","2":"type-product","3":"status-publish","4":"has-post-thumbnail","6":"product_cat-sales","7":"product_tag-hierbas-magicas","8":"product_tag-lata","9":"product_tag-sales-naturales-de-bano","11":"first","12":"outofstock","13":"taxable","14":"shipping-taxable","15":"purchasable","16":"product-type-simple"},"jetpack_sharing_enabled":true,"_links":{"self":[{"href":"https:\/\/wembe.com.py\/en\/wp-json\/wp\/v2\/product\/9266","targetHints":{"allow":["GET"]}}],"collection":[{"href":"https:\/\/wembe.com.py\/en\/wp-json\/wp\/v2\/product"}],"about":[{"href":"https:\/\/wembe.com.py\/en\/wp-json\/wp\/v2\/types\/product"}],"replies":[{"embeddable":true,"href":"https:\/\/wembe.com.py\/en\/wp-json\/wp\/v2\/comments?post=9266"}],"wp:featuredmedia":[{"embeddable":true,"href":"https:\/\/wembe.com.py\/en\/wp-json\/wp\/v2\/media\/9257"}],"wp:attachment":[{"href":"https:\/\/wembe.com.py\/en\/wp-json\/wp\/v2\/media?parent=9266"}],"wp:term":[{"taxonomy":"product_brand","embeddable":true,"href":"https:\/\/wembe.com.py\/en\/wp-json\/wp\/v2\/product_brand?post=9266"},{"taxonomy":"product_cat","embeddable":true,"href":"https:\/\/wembe.com.py\/en\/wp-json\/wp\/v2\/product_cat?post=9266"},{"taxonomy":"product_tag","embeddable":true,"href":"https:\/\/wembe.com.py\/en\/wp-json\/wp\/v2\/product_tag?post=9266"}],"curies":[{"name":"wp","href":"https:\/\/api.w.org\/{rel}","templated":true}]}}