{"id":9249,"date":"2022-09-08T12:11:10","date_gmt":"2022-09-08T15:11:10","guid":{"rendered":"https:\/\/wembe.com.py\/?post_type=product&#038;p=9249"},"modified":"2024-10-03T11:44:08","modified_gmt":"2024-10-03T14:44:08","slug":"limpiador-facial","status":"publish","type":"product","link":"https:\/\/wembe.com.py\/en\/product\/limpiador-facial\/","title":{"rendered":"Limpiador Facial"},"content":{"rendered":"<div class=\"woocommerce-tabs wc-tabs-wrapper\">\n<div id=\"tab-description\" class=\"woocommerce-Tabs-panel woocommerce-Tabs-panel--description panel entry-content wc-tab\" role=\"tabpanel\" aria-labelledby=\"tab-title-description\">\n<h5><strong>Limpiador Facial<\/strong><\/h5>\n<p>Jab\u00f3n de limpieza profunda. Lava tu rostro a diario pero no m\u00e1s de dos veces por d\u00eda. Aplica el Limpiador Facial WEMB\u00c9\u00ae en el rostro h\u00famedo con movimientos circulares. Lavar con abundante agua. Evitar el contacto directo con los ojos.<\/p>\n<p>Este limpiador facial no seca la piel\u00a0 y puede ser usado inclusive como desmaquillante. Mejora la complexi\u00f3n general del rostro.<\/p>\n<\/div>\n<\/div>","protected":false},"excerpt":{"rendered":"<p>Limpiador Facial Jab\u00f3n de limpieza profunda. Lava tu rostro a diario pero no m\u00e1s de dos veces por d\u00eda. Aplica el Limpiador Facial WEMB\u00c9\u00ae en el rostro h\u00famedo con movimientos circulares. Lavar con abundante agua. Evitar el contacto directo con los ojos. Este limpiador facial no seca la piel\u00a0 y puede ser usado inclusive como [&hellip;]<\/p>\n","protected":false},"featured_media":9250,"comment_status":"open","ping_status":"closed","template":"","meta":{"_joinchat":[]},"product_brand":[],"product_cat":[74],"product_tag":[127,137,136,130,128],"class_list":{"0":"post-9249","1":"product","2":"type-product","3":"status-publish","4":"has-post-thumbnail","6":"product_cat-rutina-facial","7":"product_tag-cara","8":"product_tag-desmaquillante","9":"product_tag-limpiador-facial","10":"product_tag-limpieza-profunda","11":"product_tag-rostro","13":"first","14":"instock","15":"taxable","16":"shipping-taxable","17":"purchasable","18":"product-type-simple"},"jetpack_sharing_enabled":true,"_links":{"self":[{"href":"https:\/\/wembe.com.py\/en\/wp-json\/wp\/v2\/product\/9249","targetHints":{"allow":["GET"]}}],"collection":[{"href":"https:\/\/wembe.com.py\/en\/wp-json\/wp\/v2\/product"}],"about":[{"href":"https:\/\/wembe.com.py\/en\/wp-json\/wp\/v2\/types\/product"}],"replies":[{"embeddable":true,"href":"https:\/\/wembe.com.py\/en\/wp-json\/wp\/v2\/comments?post=9249"}],"wp:featuredmedia":[{"embeddable":true,"href":"https:\/\/wembe.com.py\/en\/wp-json\/wp\/v2\/media\/9250"}],"wp:attachment":[{"href":"https:\/\/wembe.com.py\/en\/wp-json\/wp\/v2\/media?parent=9249"}],"wp:term":[{"taxonomy":"product_brand","embeddable":true,"href":"https:\/\/wembe.com.py\/en\/wp-json\/wp\/v2\/product_brand?post=9249"},{"taxonomy":"product_cat","embeddable":true,"href":"https:\/\/wembe.com.py\/en\/wp-json\/wp\/v2\/product_cat?post=9249"},{"taxonomy":"product_tag","embeddable":true,"href":"https:\/\/wembe.com.py\/en\/wp-json\/wp\/v2\/product_tag?post=9249"}],"curies":[{"name":"wp","href":"https:\/\/api.w.org\/{rel}","templated":true}]}}