{"id":9241,"date":"2022-09-08T11:45:22","date_gmt":"2022-09-08T14:45:22","guid":{"rendered":"https:\/\/wembe.com.py\/?post_type=product&#038;p=9241"},"modified":"2025-07-30T13:25:30","modified_gmt":"2025-07-30T16:25:30","slug":"jabon-mango-peques","status":"publish","type":"product","link":"https:\/\/wembe.com.py\/en\/product\/jabon-mango-peques\/","title":{"rendered":"Jab\u00f3n Mango Peques"},"content":{"rendered":"<h5><strong>Jab\u00f3n Mango Peques<\/strong><\/h5>\n<p>Nutre profundamente la piel. Rico en vitaminas A, C y E. El mango es considerado una de las frutas m\u00e1s completas de la selva tropical.<\/p>\n<p><strong>Efectos Aromaterap\u00e9uticos:\u00a0<\/strong>relajante y calmante.<\/p>","protected":false},"excerpt":{"rendered":"<p>Jab\u00f3n Mango Peques Nutre profundamente la piel. Rico en vitaminas A, C y E. El mango es considerado una de las frutas m\u00e1s completas de la selva tropical. Efectos Aromaterap\u00e9uticos:\u00a0relajante y calmante.<\/p>","protected":false},"featured_media":9234,"comment_status":"open","ping_status":"closed","template":"","meta":{"_joinchat":[]},"product_brand":[],"product_cat":[72,79],"product_tag":[100,134,135],"class_list":{"0":"post-9241","1":"product","2":"type-product","3":"status-publish","4":"has-post-thumbnail","6":"product_cat-jabones","7":"product_cat-ninos","8":"product_tag-mango","9":"product_tag-ninos","10":"product_tag-peques","12":"first","13":"outofstock","14":"taxable","15":"shipping-taxable","16":"purchasable","17":"product-type-simple"},"jetpack_sharing_enabled":true,"_links":{"self":[{"href":"https:\/\/wembe.com.py\/en\/wp-json\/wp\/v2\/product\/9241","targetHints":{"allow":["GET"]}}],"collection":[{"href":"https:\/\/wembe.com.py\/en\/wp-json\/wp\/v2\/product"}],"about":[{"href":"https:\/\/wembe.com.py\/en\/wp-json\/wp\/v2\/types\/product"}],"replies":[{"embeddable":true,"href":"https:\/\/wembe.com.py\/en\/wp-json\/wp\/v2\/comments?post=9241"}],"wp:featuredmedia":[{"embeddable":true,"href":"https:\/\/wembe.com.py\/en\/wp-json\/wp\/v2\/media\/9234"}],"wp:attachment":[{"href":"https:\/\/wembe.com.py\/en\/wp-json\/wp\/v2\/media?parent=9241"}],"wp:term":[{"taxonomy":"product_brand","embeddable":true,"href":"https:\/\/wembe.com.py\/en\/wp-json\/wp\/v2\/product_brand?post=9241"},{"taxonomy":"product_cat","embeddable":true,"href":"https:\/\/wembe.com.py\/en\/wp-json\/wp\/v2\/product_cat?post=9241"},{"taxonomy":"product_tag","embeddable":true,"href":"https:\/\/wembe.com.py\/en\/wp-json\/wp\/v2\/product_tag?post=9241"}],"curies":[{"name":"wp","href":"https:\/\/api.w.org\/{rel}","templated":true}]}}