{"id":9240,"date":"2022-09-08T11:37:13","date_gmt":"2022-09-08T14:37:13","guid":{"rendered":"https:\/\/wembe.com.py\/?post_type=product&#038;p=9240"},"modified":"2025-05-12T17:18:11","modified_gmt":"2025-05-12T20:18:11","slug":"jabon-citrus-peques","status":"publish","type":"product","link":"https:\/\/wembe.com.py\/en\/product\/jabon-citrus-peques\/","title":{"rendered":"Jab\u00f3n Citrus Peques"},"content":{"rendered":"<h5>Jab\u00f3n C\u00edtrico Peques<\/h5>\n<p>Esta barrita contiene aceites esenciales y jugos frescos de frutas c\u00edtricas y es rico en vitamina C, poderoso antioxidante. Excelente antis\u00e9ptico, desodorante y aclara la piel.<\/p>\n<p><strong>Efectos Aromaterap\u00e9uticos:\u00a0<\/strong>energizante, purificador, relajante y antidepresivo.<\/p>","protected":false},"excerpt":{"rendered":"<p>Jab\u00f3n C\u00edtrico Peques Esta barrita contiene aceites esenciales y jugos frescos de frutas c\u00edtricas y es rico en vitamina C, poderoso antioxidante. Excelente antis\u00e9ptico, desodorante y aclara la piel. Efectos Aromaterap\u00e9uticos:\u00a0energizante, purificador, relajante y antidepresivo.<\/p>","protected":false},"featured_media":9232,"comment_status":"open","ping_status":"closed","template":"","meta":{"_joinchat":[]},"product_brand":[],"product_cat":[72,79],"product_tag":[108,109,134,135],"class_list":{"0":"post-9240","1":"product","2":"type-product","3":"status-publish","4":"has-post-thumbnail","6":"product_cat-jabones","7":"product_cat-ninos","8":"product_tag-citrico","9":"product_tag-citrus","10":"product_tag-ninos","11":"product_tag-peques","13":"first","14":"outofstock","15":"taxable","16":"shipping-taxable","17":"purchasable","18":"product-type-simple"},"jetpack_sharing_enabled":true,"_links":{"self":[{"href":"https:\/\/wembe.com.py\/en\/wp-json\/wp\/v2\/product\/9240","targetHints":{"allow":["GET"]}}],"collection":[{"href":"https:\/\/wembe.com.py\/en\/wp-json\/wp\/v2\/product"}],"about":[{"href":"https:\/\/wembe.com.py\/en\/wp-json\/wp\/v2\/types\/product"}],"replies":[{"embeddable":true,"href":"https:\/\/wembe.com.py\/en\/wp-json\/wp\/v2\/comments?post=9240"}],"wp:featuredmedia":[{"embeddable":true,"href":"https:\/\/wembe.com.py\/en\/wp-json\/wp\/v2\/media\/9232"}],"wp:attachment":[{"href":"https:\/\/wembe.com.py\/en\/wp-json\/wp\/v2\/media?parent=9240"}],"wp:term":[{"taxonomy":"product_brand","embeddable":true,"href":"https:\/\/wembe.com.py\/en\/wp-json\/wp\/v2\/product_brand?post=9240"},{"taxonomy":"product_cat","embeddable":true,"href":"https:\/\/wembe.com.py\/en\/wp-json\/wp\/v2\/product_cat?post=9240"},{"taxonomy":"product_tag","embeddable":true,"href":"https:\/\/wembe.com.py\/en\/wp-json\/wp\/v2\/product_tag?post=9240"}],"curies":[{"name":"wp","href":"https:\/\/api.w.org\/{rel}","templated":true}]}}