{"id":9239,"date":"2022-09-08T11:34:40","date_gmt":"2022-09-08T14:34:40","guid":{"rendered":"https:\/\/wembe.com.py\/?post_type=product&#038;p=9239"},"modified":"2025-07-30T13:25:56","modified_gmt":"2025-07-30T16:25:56","slug":"jabon-mburucuya-peques","status":"publish","type":"product","link":"https:\/\/wembe.com.py\/en\/product\/jabon-mburucuya-peques\/","title":{"rendered":"Jab\u00f3n Mburucuy\u00e1 Peques"},"content":{"rendered":"<h5>Jab\u00f3n Mburucuy\u00e1 Peques<\/h5>\n<p>Antioxidante, emoliente y humectante. Ideal para pieles grasas. Ayuda a humectar los poros sin obstruirlos. Limpia, nutre y aclara la piel al mismo tiempo que la fortalece.<\/p>\n<p><strong>Efectos Aromaterap\u00e9uticos:\u00a0<\/strong>relajante, refrescante, calma la ansiedad y el estr\u00e9s.<\/p>","protected":false},"excerpt":{"rendered":"<p>Jab\u00f3n Mburucuy\u00e1 Peques Antioxidante, emoliente y humectante. Ideal para pieles grasas. Ayuda a humectar los poros sin obstruirlos. Limpia, nutre y aclara la piel al mismo tiempo que la fortalece. Efectos Aromaterap\u00e9uticos:\u00a0relajante, refrescante, calma la ansiedad y el estr\u00e9s.<\/p>","protected":false},"featured_media":9237,"comment_status":"open","ping_status":"closed","template":"","meta":{"_joinchat":[]},"product_brand":[],"product_cat":[72,79],"product_tag":[115,134,135],"class_list":{"0":"post-9239","1":"product","2":"type-product","3":"status-publish","4":"has-post-thumbnail","6":"product_cat-jabones","7":"product_cat-ninos","8":"product_tag-mburucuya","9":"product_tag-ninos","10":"product_tag-peques","12":"first","13":"outofstock","14":"taxable","15":"shipping-taxable","16":"purchasable","17":"product-type-simple"},"jetpack_sharing_enabled":true,"_links":{"self":[{"href":"https:\/\/wembe.com.py\/en\/wp-json\/wp\/v2\/product\/9239","targetHints":{"allow":["GET"]}}],"collection":[{"href":"https:\/\/wembe.com.py\/en\/wp-json\/wp\/v2\/product"}],"about":[{"href":"https:\/\/wembe.com.py\/en\/wp-json\/wp\/v2\/types\/product"}],"replies":[{"embeddable":true,"href":"https:\/\/wembe.com.py\/en\/wp-json\/wp\/v2\/comments?post=9239"}],"wp:featuredmedia":[{"embeddable":true,"href":"https:\/\/wembe.com.py\/en\/wp-json\/wp\/v2\/media\/9237"}],"wp:attachment":[{"href":"https:\/\/wembe.com.py\/en\/wp-json\/wp\/v2\/media?parent=9239"}],"wp:term":[{"taxonomy":"product_brand","embeddable":true,"href":"https:\/\/wembe.com.py\/en\/wp-json\/wp\/v2\/product_brand?post=9239"},{"taxonomy":"product_cat","embeddable":true,"href":"https:\/\/wembe.com.py\/en\/wp-json\/wp\/v2\/product_cat?post=9239"},{"taxonomy":"product_tag","embeddable":true,"href":"https:\/\/wembe.com.py\/en\/wp-json\/wp\/v2\/product_tag?post=9239"}],"curies":[{"name":"wp","href":"https:\/\/api.w.org\/{rel}","templated":true}]}}