{"id":9221,"date":"2022-09-07T02:24:47","date_gmt":"2022-09-07T05:24:47","guid":{"rendered":"https:\/\/wembe.com.py\/?post_type=product&#038;p=9221"},"modified":"2026-03-27T11:25:17","modified_gmt":"2026-03-27T14:25:17","slug":"jabon-exfoliante-de-rostros","status":"publish","type":"product","link":"https:\/\/wembe.com.py\/en\/product\/jabon-exfoliante-de-rostros\/","title":{"rendered":"Facial Scrub Soap"},"content":{"rendered":"<h5><strong>Jab\u00f3n Exfoliante de Rostros \u2013 Blend de Arcilla<\/strong><\/h5>\n<p>Dise\u00f1ado especialmente para pieles grasas. Jab\u00f3n de limpieza profunda, enriquecido con la arcilla negra de Yaguar\u00f3n. Remueve las impurezas de la piel y calma las irritaciones. Elimina las c\u00e9lulas muertas, estimula la circulaci\u00f3n, limpia profundamente y mejora la apariencia. Desintoxicante y energizante.<br \/>\nTambi\u00e9n es apto para todo el cuerpo.<\/p>\n<p>&nbsp;<\/p>\n<p><strong>Ingredientes:<\/strong> Cocos Nucifera Oil (Aceite de Almendra de Coco Mbocaya del Paraguay), Arcilla Negra, Theobroma Grandiflorum Seed Butter (Manteca de Cupua\u00e7u), Aqua\/Water\/Eau, Sodium Hydroxide, Aceites Esenciales, Pelargonium Graveolens Flower Oil (Aceite Esencial de Geranio), Rosmarinus Officinalis Leaf Oil (Aceite Esencial de Romero), Cocos Nucifera Extract Oil (Esencia de Coco).<\/p>\n<p>&nbsp;<\/p>","protected":false},"excerpt":{"rendered":"<p>Jab\u00f3n Exfoliante de Rostros \u2013 Blend de Arcilla Dise\u00f1ado especialmente para pieles grasas. Jab\u00f3n de limpieza profunda, enriquecido con la arcilla negra de Yaguar\u00f3n. Remueve las impurezas de la piel y calma las irritaciones. Elimina las c\u00e9lulas muertas, estimula la circulaci\u00f3n, limpia profundamente y mejora la apariencia. Desintoxicante y energizante. Tambi\u00e9n es apto para todo [&hellip;]<\/p>\n","protected":false},"featured_media":9188,"comment_status":"open","ping_status":"closed","template":"","meta":{"_joinchat":[]},"product_brand":[],"product_cat":[72,74],"product_tag":[133,132,129,127,93,89,92,126,130,131,128],"class_list":{"0":"post-9221","1":"product","2":"type-product","3":"status-publish","4":"has-post-thumbnail","6":"product_cat-jabones","7":"product_cat-rutina-facial","8":"product_tag-acne","9":"product_tag-antiacne","10":"product_tag-arcilla","11":"product_tag-cara","12":"product_tag-desintoxicante","13":"product_tag-energizante","14":"product_tag-exfoliante","15":"product_tag-exfoliante-de-rostros","16":"product_tag-limpieza-profunda","17":"product_tag-poros","18":"product_tag-rostro","20":"first","21":"instock","22":"taxable","23":"shipping-taxable","24":"purchasable","25":"product-type-variable"},"jetpack_sharing_enabled":true,"_links":{"self":[{"href":"https:\/\/wembe.com.py\/en\/wp-json\/wp\/v2\/product\/9221","targetHints":{"allow":["GET"]}}],"collection":[{"href":"https:\/\/wembe.com.py\/en\/wp-json\/wp\/v2\/product"}],"about":[{"href":"https:\/\/wembe.com.py\/en\/wp-json\/wp\/v2\/types\/product"}],"replies":[{"embeddable":true,"href":"https:\/\/wembe.com.py\/en\/wp-json\/wp\/v2\/comments?post=9221"}],"wp:featuredmedia":[{"embeddable":true,"href":"https:\/\/wembe.com.py\/en\/wp-json\/wp\/v2\/media\/9188"}],"wp:attachment":[{"href":"https:\/\/wembe.com.py\/en\/wp-json\/wp\/v2\/media?parent=9221"}],"wp:term":[{"taxonomy":"product_brand","embeddable":true,"href":"https:\/\/wembe.com.py\/en\/wp-json\/wp\/v2\/product_brand?post=9221"},{"taxonomy":"product_cat","embeddable":true,"href":"https:\/\/wembe.com.py\/en\/wp-json\/wp\/v2\/product_cat?post=9221"},{"taxonomy":"product_tag","embeddable":true,"href":"https:\/\/wembe.com.py\/en\/wp-json\/wp\/v2\/product_tag?post=9221"}],"curies":[{"name":"wp","href":"https:\/\/api.w.org\/{rel}","templated":true}]}}