{"id":9219,"date":"2022-09-06T18:27:12","date_gmt":"2022-09-06T21:27:12","guid":{"rendered":"https:\/\/wembe.com.py\/?post_type=product&#038;p=9219"},"modified":"2026-03-27T11:25:09","modified_gmt":"2026-03-27T14:25:09","slug":"jabon-unificador","status":"publish","type":"product","link":"https:\/\/wembe.com.py\/en\/product\/jabon-unificador\/","title":{"rendered":"Unifier Soap"},"content":{"rendered":"<h5><strong>Jab\u00f3n Unificador \u2013 Blend de Algas<\/strong><\/h5>\n<p>Inspiradas en las frescas brisas del mar, esta barrita despeja el estr\u00e9s de la mente. Se combinan algas marinas y aceites esenciales. Desintoxicante, relajante, suavizante y equilibrador.<\/p>\n<p><strong>Efectos Aromaterap\u00e9uticos:<\/strong> Elimina la ansiedad y el estr\u00e9s.<\/p>\n<p>&nbsp;<\/p>\n<p><strong>Ingredientes:<\/strong> Cocos Nucifera Oil (Aceite de Almendra de Coco Mbocay\u00e1 del Paraguay), Ethanol, Fucus Vesiculosus (Algas Marinas), Sucrose (Az\u00facar Org\u00e1nica), Sodium Hydroxide, Theobroma Cacao Seed Butter (Manteca de Cacao), Aqua\/Water\/Eau, Simmondsia Chinensis Seed Oil (Aceite de Jojoba), Aceites Esenciales, Pelargonium Graveolens Oil (Aceite Esencial de Geranio), Eucalyptus Globulus Leaf Oil (Aceite Esencial de Eucalipto), Macrocystis Pyrifera Extract (Extracto de Algas Marinas), Indigofera Tinctoria Leaf Powder (Hojas de Polvo de Indigo).<\/p>","protected":false},"excerpt":{"rendered":"<p>Jab\u00f3n Unificador \u2013 Blend de Algas Inspiradas en las frescas brisas del mar, esta barrita despeja el estr\u00e9s de la mente. Se combinan algas marinas y aceites esenciales. Desintoxicante, relajante, suavizante y equilibrador. Efectos Aromaterap\u00e9uticos: Elimina la ansiedad y el estr\u00e9s. &nbsp; Ingredientes: Cocos Nucifera Oil (Aceite de Almendra de Coco Mbocay\u00e1 del Paraguay), Ethanol, [&hellip;]<\/p>\n","protected":false},"featured_media":9225,"comment_status":"open","ping_status":"closed","template":"","meta":{"_joinchat":[]},"product_brand":[],"product_cat":[72],"product_tag":[123,119,84,86,93,125,103,124,122],"class_list":{"0":"post-9219","1":"product","2":"type-product","3":"status-publish","4":"has-post-thumbnail","6":"product_cat-jabones","7":"product_tag-algas","8":"product_tag-antiansiedad","9":"product_tag-antiestres","10":"product_tag-aromaterapia","11":"product_tag-desintoxicante","12":"product_tag-equilibrador","13":"product_tag-relajante","14":"product_tag-suavizante","15":"product_tag-unificador","17":"first","18":"instock","19":"taxable","20":"shipping-taxable","21":"purchasable","22":"product-type-variable"},"jetpack_sharing_enabled":true,"_links":{"self":[{"href":"https:\/\/wembe.com.py\/en\/wp-json\/wp\/v2\/product\/9219","targetHints":{"allow":["GET"]}}],"collection":[{"href":"https:\/\/wembe.com.py\/en\/wp-json\/wp\/v2\/product"}],"about":[{"href":"https:\/\/wembe.com.py\/en\/wp-json\/wp\/v2\/types\/product"}],"replies":[{"embeddable":true,"href":"https:\/\/wembe.com.py\/en\/wp-json\/wp\/v2\/comments?post=9219"}],"wp:featuredmedia":[{"embeddable":true,"href":"https:\/\/wembe.com.py\/en\/wp-json\/wp\/v2\/media\/9225"}],"wp:attachment":[{"href":"https:\/\/wembe.com.py\/en\/wp-json\/wp\/v2\/media?parent=9219"}],"wp:term":[{"taxonomy":"product_brand","embeddable":true,"href":"https:\/\/wembe.com.py\/en\/wp-json\/wp\/v2\/product_brand?post=9219"},{"taxonomy":"product_cat","embeddable":true,"href":"https:\/\/wembe.com.py\/en\/wp-json\/wp\/v2\/product_cat?post=9219"},{"taxonomy":"product_tag","embeddable":true,"href":"https:\/\/wembe.com.py\/en\/wp-json\/wp\/v2\/product_tag?post=9219"}],"curies":[{"name":"wp","href":"https:\/\/api.w.org\/{rel}","templated":true}]}}