{"id":9218,"date":"2022-09-06T18:17:11","date_gmt":"2022-09-06T21:17:11","guid":{"rendered":"https:\/\/wembe.com.py\/?post_type=product&#038;p=9218"},"modified":"2026-03-27T11:27:15","modified_gmt":"2026-03-27T14:27:15","slug":"jabon-exfoliante-de-pies","status":"publish","type":"product","link":"https:\/\/wembe.com.py\/en\/product\/jabon-exfoliante-de-pies\/","title":{"rendered":"Foot Scrub Soap"},"content":{"rendered":"<h5><strong>Jab\u00f3n Exfoliante de Pies \u2013 Blend con Arena<\/strong><\/h5>\n<p>Inspirada en el r\u00edo Paran\u00e1. Es la combinaci\u00f3n perfecta contra los pies cansados. Los aceites esenciales en esta barrita suavizan la piel dura de los pies mientras que la capa de arena le provee exfoliaci\u00f3n. Despu\u00e9s de un d\u00eda en la ciudad lleva a tus pies a un paseo por la playa.<\/p>\n<p>&nbsp;<\/p>\n<p><strong>Ingredientes:<\/strong> Cocos Nucifera Oil (Aceite de Almendra de Coco Mbocay\u00e1 del Paraguay), Acanthospermum Australe (Extracto de Tapecue), Sucrose (Az\u00facar Org\u00e1nica), Theobroma Grandiflorum Seed Butter (Manteca de Cupua\u00e7u), Aqua\/Water\/Eau, Silica (Arena Lavada), Sodium Hydroxide, Aceites Esenciales, Cymbopogon Citratus Leaf Oil (Aceite Esencial de Limon), Lavandula Oil (Aceite Esencial de Lavanda), Indigofera Tinctoria Leaf Powder (Polvo de Hojas de Indigo).<\/p>","protected":false},"excerpt":{"rendered":"<p>Jab\u00f3n Exfoliante de Pies \u2013 Blend con Arena Inspirada en el r\u00edo Paran\u00e1. Es la combinaci\u00f3n perfecta contra los pies cansados. Los aceites esenciales en esta barrita suavizan la piel dura de los pies mientras que la capa de arena le provee exfoliaci\u00f3n. Despu\u00e9s de un d\u00eda en la ciudad lleva a tus pies a [&hellip;]<\/p>\n","protected":false},"featured_media":9186,"comment_status":"open","ping_status":"closed","template":"","meta":{"_joinchat":[]},"product_brand":[],"product_cat":[72],"product_tag":[121,92,120],"class_list":{"0":"post-9218","1":"product","2":"type-product","3":"status-publish","4":"has-post-thumbnail","6":"product_cat-jabones","7":"product_tag-arena","8":"product_tag-exfoliante","9":"product_tag-exfoliante-de-pies","11":"first","12":"instock","13":"taxable","14":"shipping-taxable","15":"purchasable","16":"product-type-variable"},"jetpack_sharing_enabled":true,"_links":{"self":[{"href":"https:\/\/wembe.com.py\/en\/wp-json\/wp\/v2\/product\/9218","targetHints":{"allow":["GET"]}}],"collection":[{"href":"https:\/\/wembe.com.py\/en\/wp-json\/wp\/v2\/product"}],"about":[{"href":"https:\/\/wembe.com.py\/en\/wp-json\/wp\/v2\/types\/product"}],"replies":[{"embeddable":true,"href":"https:\/\/wembe.com.py\/en\/wp-json\/wp\/v2\/comments?post=9218"}],"wp:featuredmedia":[{"embeddable":true,"href":"https:\/\/wembe.com.py\/en\/wp-json\/wp\/v2\/media\/9186"}],"wp:attachment":[{"href":"https:\/\/wembe.com.py\/en\/wp-json\/wp\/v2\/media?parent=9218"}],"wp:term":[{"taxonomy":"product_brand","embeddable":true,"href":"https:\/\/wembe.com.py\/en\/wp-json\/wp\/v2\/product_brand?post=9218"},{"taxonomy":"product_cat","embeddable":true,"href":"https:\/\/wembe.com.py\/en\/wp-json\/wp\/v2\/product_cat?post=9218"},{"taxonomy":"product_tag","embeddable":true,"href":"https:\/\/wembe.com.py\/en\/wp-json\/wp\/v2\/product_tag?post=9218"}],"curies":[{"name":"wp","href":"https:\/\/api.w.org\/{rel}","templated":true}]}}