{"id":9215,"date":"2022-09-06T17:56:47","date_gmt":"2022-09-06T20:56:47","guid":{"rendered":"https:\/\/wembe.com.py\/?post_type=product&#038;p=9215"},"modified":"2026-03-27T11:14:51","modified_gmt":"2026-03-27T14:14:51","slug":"jabon-revitalizante","status":"publish","type":"product","link":"https:\/\/wembe.com.py\/en\/product\/jabon-revitalizante\/","title":{"rendered":"Revitalizing Soap"},"content":{"rendered":"<h5><strong>Jab\u00f3n Revitalizante \u2013 Blend C\u00edtrico<\/strong><\/h5>\n<p>Esta barrita contiene aceites esenciales y jugos frescos de frutas c\u00edtricas y es rico en vitamina C, poderoso antioxidante. Excelente antis\u00e9ptico, desodorante y aclara la piel.<\/p>\n<p><strong>Efectos Aromaterap\u00e9uticos:\u00a0<\/strong>energizante, purificador, relajante y antidepresivo.<\/p>","protected":false},"excerpt":{"rendered":"<p>Jab\u00f3n Revitalizante \u2013 Blend C\u00edtrico Esta barrita contiene aceites esenciales y jugos frescos de frutas c\u00edtricas y es rico en vitamina C, poderoso antioxidante. Excelente antis\u00e9ptico, desodorante y aclara la piel. Efectos Aromaterap\u00e9uticos:\u00a0energizante, purificador, relajante y antidepresivo.<\/p>","protected":false},"featured_media":9199,"comment_status":"open","ping_status":"closed","template":"","meta":{"_joinchat":[]},"product_brand":[],"product_cat":[72],"product_tag":[113,87,86,108,109,89,111,110,112,103,114],"class_list":{"0":"post-9215","1":"product","2":"type-product","3":"status-publish","4":"has-post-thumbnail","6":"product_cat-jabones","7":"product_tag-antidepresivo","8":"product_tag-antioxidante","9":"product_tag-aromaterapia","10":"product_tag-citrico","11":"product_tag-citrus","12":"product_tag-energizante","13":"product_tag-limon","14":"product_tag-naranja","15":"product_tag-purificador","16":"product_tag-relajante","17":"product_tag-revitalizante","19":"first","20":"instock","21":"taxable","22":"shipping-taxable","23":"purchasable","24":"product-type-variable"},"jetpack_sharing_enabled":true,"_links":{"self":[{"href":"https:\/\/wembe.com.py\/en\/wp-json\/wp\/v2\/product\/9215","targetHints":{"allow":["GET"]}}],"collection":[{"href":"https:\/\/wembe.com.py\/en\/wp-json\/wp\/v2\/product"}],"about":[{"href":"https:\/\/wembe.com.py\/en\/wp-json\/wp\/v2\/types\/product"}],"replies":[{"embeddable":true,"href":"https:\/\/wembe.com.py\/en\/wp-json\/wp\/v2\/comments?post=9215"}],"wp:featuredmedia":[{"embeddable":true,"href":"https:\/\/wembe.com.py\/en\/wp-json\/wp\/v2\/media\/9199"}],"wp:attachment":[{"href":"https:\/\/wembe.com.py\/en\/wp-json\/wp\/v2\/media?parent=9215"}],"wp:term":[{"taxonomy":"product_brand","embeddable":true,"href":"https:\/\/wembe.com.py\/en\/wp-json\/wp\/v2\/product_brand?post=9215"},{"taxonomy":"product_cat","embeddable":true,"href":"https:\/\/wembe.com.py\/en\/wp-json\/wp\/v2\/product_cat?post=9215"},{"taxonomy":"product_tag","embeddable":true,"href":"https:\/\/wembe.com.py\/en\/wp-json\/wp\/v2\/product_tag?post=9215"}],"curies":[{"name":"wp","href":"https:\/\/api.w.org\/{rel}","templated":true}]}}