{"id":9212,"date":"2022-09-06T16:54:29","date_gmt":"2022-09-06T19:54:29","guid":{"rendered":"https:\/\/wembe.com.py\/?post_type=product&#038;p=9212"},"modified":"2026-03-27T11:18:49","modified_gmt":"2026-03-27T14:18:49","slug":"jabon-pieles-secas","status":"publish","type":"product","link":"https:\/\/wembe.com.py\/en\/product\/jabon-pieles-secas\/","title":{"rendered":"Dry Skin Soap"},"content":{"rendered":"<h5><strong>Jab\u00f3n Pieles Secas \u2013 Blend de Menta<\/strong><\/h5>\n<p>Inspirado en la medicina popular, est\u00e1 hecho con menta, eucalipto y aceites esenciales de plantas refrescantes. Reduce la sudoraci\u00f3n y refresca la piel.<\/p>\n<p><strong>Efectos Aromaterap\u00e9uticos:\u00a0<\/strong>refrescante y energizante.<\/p>\n<p>&nbsp;<\/p>\n<p><strong>Ingredientes:<\/strong> Cocos Nucifera (Aceite de Almendra de Coco Mbocay\u00e1 del Paraguay), Theobroma Grandiflorum Seed Butter (Manteca de Cupua\u00e7u), Sodium Hydroxide, Aqua\/Water\/Eau, Aceites Esenciales, Mentha Piperita Oil (Aceite Esencial de Menta Piperita), Eucalyptus Globulus Leaf Oil (Aceite Esencial de Eucalipto).<\/p>","protected":false},"excerpt":{"rendered":"<p>Jab\u00f3n Pieles Secas \u2013 Blend de Menta Inspirado en la medicina popular, est\u00e1 hecho con menta, eucalipto y aceites esenciales de plantas refrescantes. Reduce la sudoraci\u00f3n y refresca la piel. Efectos Aromaterap\u00e9uticos:\u00a0refrescante y energizante. &nbsp; Ingredientes: Cocos Nucifera (Aceite de Almendra de Coco Mbocay\u00e1 del Paraguay), Theobroma Grandiflorum Seed Butter (Manteca de Cupua\u00e7u), Sodium Hydroxide, [&hellip;]<\/p>\n","protected":false},"featured_media":9195,"comment_status":"open","ping_status":"closed","template":"","meta":{"_joinchat":[]},"product_brand":[],"product_cat":[72],"product_tag":[86,89,98,95,96,97,99],"class_list":{"0":"post-9212","1":"product","2":"type-product","3":"status-publish","4":"has-post-thumbnail","6":"product_cat-jabones","7":"product_tag-aromaterapia","8":"product_tag-energizante","9":"product_tag-eucalipto","10":"product_tag-menta","11":"product_tag-piel-seca","12":"product_tag-pieles-secas","13":"product_tag-refrescante","15":"first","16":"instock","17":"taxable","18":"shipping-taxable","19":"purchasable","20":"product-type-variable"},"jetpack_sharing_enabled":true,"_links":{"self":[{"href":"https:\/\/wembe.com.py\/en\/wp-json\/wp\/v2\/product\/9212","targetHints":{"allow":["GET"]}}],"collection":[{"href":"https:\/\/wembe.com.py\/en\/wp-json\/wp\/v2\/product"}],"about":[{"href":"https:\/\/wembe.com.py\/en\/wp-json\/wp\/v2\/types\/product"}],"replies":[{"embeddable":true,"href":"https:\/\/wembe.com.py\/en\/wp-json\/wp\/v2\/comments?post=9212"}],"wp:featuredmedia":[{"embeddable":true,"href":"https:\/\/wembe.com.py\/en\/wp-json\/wp\/v2\/media\/9195"}],"wp:attachment":[{"href":"https:\/\/wembe.com.py\/en\/wp-json\/wp\/v2\/media?parent=9212"}],"wp:term":[{"taxonomy":"product_brand","embeddable":true,"href":"https:\/\/wembe.com.py\/en\/wp-json\/wp\/v2\/product_brand?post=9212"},{"taxonomy":"product_cat","embeddable":true,"href":"https:\/\/wembe.com.py\/en\/wp-json\/wp\/v2\/product_cat?post=9212"},{"taxonomy":"product_tag","embeddable":true,"href":"https:\/\/wembe.com.py\/en\/wp-json\/wp\/v2\/product_tag?post=9212"}],"curies":[{"name":"wp","href":"https:\/\/api.w.org\/{rel}","templated":true}]}}