{"id":9207,"date":"2022-09-06T16:36:04","date_gmt":"2022-09-06T19:36:04","guid":{"rendered":"https:\/\/wembe.com.py\/?post_type=product&#038;p=9207"},"modified":"2026-03-27T10:55:54","modified_gmt":"2026-03-27T13:55:54","slug":"jabon-exfoliante-corporal","status":"publish","type":"product","link":"https:\/\/wembe.com.py\/en\/product\/jabon-exfoliante-corporal\/","title":{"rendered":"Body Scrub Soap"},"content":{"rendered":"<h5><strong>Jab\u00f3n Jab\u00f3n Exfoliante Corporal \u2013 Blend de Yerba Mate<\/strong><\/h5>\n<p>Energizante, exfoliante y rico en antioxidantes. Exfoliar la piel regularmente elimina las c\u00e9lulas muertas, estimula la circulaci\u00f3n, limpia profundamente y mejora la apariencia.<\/p>\n<p><strong>Efectos Aromaterap\u00e9uticos: <\/strong>energizante y desintoxicante.<\/p>\n<p>&nbsp;<\/p>\n<p><strong>Ingredientes:<\/strong> Cocos Nucifera Oil (Aceite de Almendra de Coco Mbocaya del Paraguay), Theobroma Grandiflorum Seed Butter (Manteca de Cupua\u00e7u), Ilex Paraguariensis Leaf Extract (Hidrosol de Yerba Mate), Sodium Hydroxide, Aqua\/Water\/Eau, Sucrose (Az\u00facar Org\u00e1nica), Ilex Paraguariensis (Yerba Mate), Cymbopogon Citratus (Cedron), Mentha Piperita, Citric Acid, Aceites Esenciales, Cymbopogon Citratus Leaf Oil (Aceite Esencial de Cedron), Mentha Piperita Oil (Aceite Esencial de Menta).<\/p>","protected":false},"excerpt":{"rendered":"<p>Jab\u00f3n Jab\u00f3n Exfoliante Corporal \u2013 Blend de Yerba Mate Energizante, exfoliante y rico en antioxidantes. Exfoliar la piel regularmente elimina las c\u00e9lulas muertas, estimula la circulaci\u00f3n, limpia profundamente y mejora la apariencia. Efectos Aromaterap\u00e9uticos: energizante y desintoxicante. &nbsp; Ingredientes: Cocos Nucifera Oil (Aceite de Almendra de Coco Mbocaya del Paraguay), Theobroma Grandiflorum Seed Butter (Manteca [&hellip;]<\/p>\n","protected":false},"featured_media":9208,"comment_status":"open","ping_status":"closed","template":"","meta":{"_joinchat":[]},"product_brand":[],"product_cat":[72],"product_tag":[87,86,93,89,92,91],"class_list":{"0":"post-9207","1":"product","2":"type-product","3":"status-publish","4":"has-post-thumbnail","6":"product_cat-jabones","7":"product_tag-antioxidante","8":"product_tag-aromaterapia","9":"product_tag-desintoxicante","10":"product_tag-energizante","11":"product_tag-exfoliante","12":"product_tag-yerba-mate","14":"first","15":"instock","16":"taxable","17":"shipping-taxable","18":"purchasable","19":"product-type-variable"},"jetpack_sharing_enabled":true,"_links":{"self":[{"href":"https:\/\/wembe.com.py\/en\/wp-json\/wp\/v2\/product\/9207","targetHints":{"allow":["GET"]}}],"collection":[{"href":"https:\/\/wembe.com.py\/en\/wp-json\/wp\/v2\/product"}],"about":[{"href":"https:\/\/wembe.com.py\/en\/wp-json\/wp\/v2\/types\/product"}],"replies":[{"embeddable":true,"href":"https:\/\/wembe.com.py\/en\/wp-json\/wp\/v2\/comments?post=9207"}],"wp:featuredmedia":[{"embeddable":true,"href":"https:\/\/wembe.com.py\/en\/wp-json\/wp\/v2\/media\/9208"}],"wp:attachment":[{"href":"https:\/\/wembe.com.py\/en\/wp-json\/wp\/v2\/media?parent=9207"}],"wp:term":[{"taxonomy":"product_brand","embeddable":true,"href":"https:\/\/wembe.com.py\/en\/wp-json\/wp\/v2\/product_brand?post=9207"},{"taxonomy":"product_cat","embeddable":true,"href":"https:\/\/wembe.com.py\/en\/wp-json\/wp\/v2\/product_cat?post=9207"},{"taxonomy":"product_tag","embeddable":true,"href":"https:\/\/wembe.com.py\/en\/wp-json\/wp\/v2\/product_tag?post=9207"}],"curies":[{"name":"wp","href":"https:\/\/api.w.org\/{rel}","templated":true}]}}