{"id":9205,"date":"2022-09-06T16:28:17","date_gmt":"2022-09-06T16:28:17","guid":{"rendered":"https:\/\/wembe.com.py\/?post_type=product&#038;p=9205"},"modified":"2026-03-27T10:59:45","modified_gmt":"2026-03-27T13:59:45","slug":"jabon-antioxidante-acai","status":"publish","type":"product","link":"https:\/\/wembe.com.py\/en\/product\/jabon-antioxidante-acai\/","title":{"rendered":"Jab\u00f3n Antioxidante A\u00e7a\u00ed"},"content":{"rendered":"<h5><strong>Jab\u00f3n antioxidante \u2013 Blend de A\u00e7a\u00ed<\/strong><\/h5>\n<p>Dale a tu piel el regalo de la juventud con esta mezcla de aceite y extracto de a\u00e7a\u00ed, bien conocido por su poder antioxidante.<\/p>\n<p><strong>Efectos aromaterap\u00e9uticos:<\/strong> energizante y balanceador.<\/p>\n<p>&nbsp;<\/p>\n<p><strong>Ingredientes:<\/strong> Cocos Nucifera Oil (Aceite de Almendra de Coco Mbocay\u00e1 del Paraguay), Sodium Hydroxide, Aqua\/Water\/Eau, Ethanol, Citric Acid, Euterpe Oleracea Fruit Extract (Extracto de Acai), Sucrose (Az\u00facar Org\u00e1nica), Curcuma Longa Rhizome Powder (C\u00farcuma), Aceites Esenciales, Pogostemon Cablin Oil (Aceite Esencial de Patcholi), Rose flower oil (Aceite Esencial de Rosas), Vanilla Planifolia Fruit Oil (Aceite Esencial Dolce Vaniglia).<\/p>\n<p>&nbsp;<\/p>","protected":false},"excerpt":{"rendered":"<p>Jab\u00f3n antioxidante \u2013 Blend de A\u00e7a\u00ed Dale a tu piel el regalo de la juventud con esta mezcla de aceite y extracto de a\u00e7a\u00ed, bien conocido por su poder antioxidante. Efectos aromaterap\u00e9uticos: energizante y balanceador. &nbsp; Ingredientes: Cocos Nucifera Oil (Aceite de Almendra de Coco Mbocay\u00e1 del Paraguay), Sodium Hydroxide, Aqua\/Water\/Eau, Ethanol, Citric Acid, Euterpe [&hellip;]<\/p>\n","protected":false},"featured_media":9206,"comment_status":"open","ping_status":"closed","template":"","meta":{"_joinchat":[]},"product_brand":[],"product_cat":[72],"product_tag":[88,87,86,90,89],"class_list":{"0":"post-9205","1":"product","2":"type-product","3":"status-publish","4":"has-post-thumbnail","6":"product_cat-jabones","7":"product_tag-acai","8":"product_tag-antioxidante","9":"product_tag-aromaterapia","10":"product_tag-balanceador","11":"product_tag-energizante","13":"first","14":"instock","15":"taxable","16":"shipping-taxable","17":"purchasable","18":"product-type-variable"},"jetpack_sharing_enabled":true,"_links":{"self":[{"href":"https:\/\/wembe.com.py\/en\/wp-json\/wp\/v2\/product\/9205","targetHints":{"allow":["GET"]}}],"collection":[{"href":"https:\/\/wembe.com.py\/en\/wp-json\/wp\/v2\/product"}],"about":[{"href":"https:\/\/wembe.com.py\/en\/wp-json\/wp\/v2\/types\/product"}],"replies":[{"embeddable":true,"href":"https:\/\/wembe.com.py\/en\/wp-json\/wp\/v2\/comments?post=9205"}],"wp:featuredmedia":[{"embeddable":true,"href":"https:\/\/wembe.com.py\/en\/wp-json\/wp\/v2\/media\/9206"}],"wp:attachment":[{"href":"https:\/\/wembe.com.py\/en\/wp-json\/wp\/v2\/media?parent=9205"}],"wp:term":[{"taxonomy":"product_brand","embeddable":true,"href":"https:\/\/wembe.com.py\/en\/wp-json\/wp\/v2\/product_brand?post=9205"},{"taxonomy":"product_cat","embeddable":true,"href":"https:\/\/wembe.com.py\/en\/wp-json\/wp\/v2\/product_cat?post=9205"},{"taxonomy":"product_tag","embeddable":true,"href":"https:\/\/wembe.com.py\/en\/wp-json\/wp\/v2\/product_tag?post=9205"}],"curies":[{"name":"wp","href":"https:\/\/api.w.org\/{rel}","templated":true}]}}