{"id":9166,"date":"2022-08-11T21:49:03","date_gmt":"2022-08-11T21:49:03","guid":{"rendered":"https:\/\/wembe.com.py\/?post_type=product&#038;p=9166"},"modified":"2026-03-27T11:31:38","modified_gmt":"2026-03-27T14:31:38","slug":"jabon-hidratante","status":"publish","type":"product","link":"https:\/\/wembe.com.py\/en\/product\/jabon-hidratante\/","title":{"rendered":"Moisturizing Soap"},"content":{"rendered":"<h5><strong>Jab\u00f3n Hidratante \u2013 Blend de Aguacate<\/strong><\/h5>\n<p>Altamente nutritivo. Se combina con los extractos de caj\u00fa y guayaba. Rico en prote\u00ednas, vitaminas A, D y E. Suaviza, nutre y act\u00faa como emoliente.<\/p>\n<p><strong>Efectos Aromaterap\u00e9uticos:\u00a0<\/strong>calmante, rejuvenecedor, calma la fatiga y el estr\u00e9s.<\/p>\n<p>&nbsp;<\/p>\n<p><strong>Ingredientes:<\/strong> Cocos Nucifera Oil (Aceite de Almendra de Coco Mbocay\u00e1 del Paraguay), Persea Gratissima Oil (Aceite Esencial de Aguacate), Sodium Hydroxide, Aqua\/Water\/Eau, Citric Acid, Aceites Esenciales, Pelargonium Graveolens Flower Oil (Aceite Esencial de Flor de Geranio), Citrus Aurantium Bergamia Peel Oil (Aceite Esencial de Bergamota), Chamomilla Recutita Oil (Aceite Esencial de Manzanilla).<\/p>","protected":false},"excerpt":{"rendered":"<p>Jab\u00f3n Hidratante \u2013 Blend de Aguacate Altamente nutritivo. Se combina con los extractos de caj\u00fa y guayaba. Rico en prote\u00ednas, vitaminas A, D y E. Suaviza, nutre y act\u00faa como emoliente. Efectos Aromaterap\u00e9uticos:\u00a0calmante, rejuvenecedor, calma la fatiga y el estr\u00e9s. &nbsp; Ingredientes: Cocos Nucifera Oil (Aceite de Almendra de Coco Mbocay\u00e1 del Paraguay), Persea Gratissima [&hellip;]<\/p>\n","protected":false},"featured_media":9224,"comment_status":"open","ping_status":"closed","template":"","meta":{"_joinchat":[]},"product_brand":[],"product_cat":[72],"product_tag":[80,84,85,86,82,81,83],"class_list":{"0":"post-9166","1":"product","2":"type-product","3":"status-publish","4":"has-post-thumbnail","6":"product_cat-jabones","7":"product_tag-aguacate","8":"product_tag-antiestres","9":"product_tag-antifatiga","10":"product_tag-aromaterapia","11":"product_tag-calmante","12":"product_tag-hidratante","13":"product_tag-rejuvenecedor","15":"first","16":"instock","17":"taxable","18":"shipping-taxable","19":"purchasable","20":"product-type-variable"},"jetpack_sharing_enabled":true,"_links":{"self":[{"href":"https:\/\/wembe.com.py\/en\/wp-json\/wp\/v2\/product\/9166","targetHints":{"allow":["GET"]}}],"collection":[{"href":"https:\/\/wembe.com.py\/en\/wp-json\/wp\/v2\/product"}],"about":[{"href":"https:\/\/wembe.com.py\/en\/wp-json\/wp\/v2\/types\/product"}],"replies":[{"embeddable":true,"href":"https:\/\/wembe.com.py\/en\/wp-json\/wp\/v2\/comments?post=9166"}],"wp:featuredmedia":[{"embeddable":true,"href":"https:\/\/wembe.com.py\/en\/wp-json\/wp\/v2\/media\/9224"}],"wp:attachment":[{"href":"https:\/\/wembe.com.py\/en\/wp-json\/wp\/v2\/media?parent=9166"}],"wp:term":[{"taxonomy":"product_brand","embeddable":true,"href":"https:\/\/wembe.com.py\/en\/wp-json\/wp\/v2\/product_brand?post=9166"},{"taxonomy":"product_cat","embeddable":true,"href":"https:\/\/wembe.com.py\/en\/wp-json\/wp\/v2\/product_cat?post=9166"},{"taxonomy":"product_tag","embeddable":true,"href":"https:\/\/wembe.com.py\/en\/wp-json\/wp\/v2\/product_tag?post=9166"}],"curies":[{"name":"wp","href":"https:\/\/api.w.org\/{rel}","templated":true}]}}