{"id":11542,"date":"2025-12-23T11:01:48","date_gmt":"2025-12-23T14:01:48","guid":{"rendered":"https:\/\/wembe.com.py\/?post_type=product&#038;p=11542"},"modified":"2026-03-23T21:43:41","modified_gmt":"2026-03-24T00:43:41","slug":"shampoo-regulador","status":"publish","type":"product","link":"https:\/\/wembe.com.py\/en\/product\/shampoo-regulador\/","title":{"rendered":"SHAMPOO REGULADOR"},"content":{"rendered":"<h5><strong>SHAMPOO REGULADOR<\/strong><\/h5>\n<p>Shampoo s\u00f3lido formulado para cabellos grasos y cuero cabelludo con exceso de sebo. Limpia profundamente sin resecar y ayuda a mantener el equilibrio natural del cuero cabelludo.<br \/>\nLa combinaci\u00f3n de Sodium Cocoate, extracto de romero, aloe vera y harina org\u00e1nica de perejil aporta frescura, regula la oleosidad y deja el cabello liviano y limpio por m\u00e1s tiempo.<\/p>\n<p><strong>Beneficios:\u00a0<\/strong><br \/>\n\u2022 Regula el exceso de grasa<br \/>\n\u2022 Limpieza profunda sin resecar<br \/>\n\u2022 Sensaci\u00f3n de frescura natural<br \/>\n\u2022 Ideal para uso frecuente<\/p>\n<p>&nbsp;<\/p>\n<p><strong>Ingredientes destacados:<\/strong><br \/>\n\u2022 Sodium Cocoate<br \/>\n\u2022 Extracto de Romero<br \/>\n\u2022 Aloe Vera<br \/>\n\u2022 Harina Org\u00e1nica de Perejil<\/p>","protected":false},"excerpt":{"rendered":"<p>SHAMPOO REGULADOR Shampoo s\u00f3lido formulado para cabellos grasos y cuero cabelludo con exceso de sebo. Limpia profundamente sin resecar y ayuda a mantener el equilibrio natural del cuero cabelludo. La combinaci\u00f3n de Sodium Cocoate, extracto de romero, aloe vera y harina org\u00e1nica de perejil aporta frescura, regula la oleosidad y deja el cabello liviano y [&hellip;]<\/p>\n","protected":false},"featured_media":11543,"comment_status":"open","ping_status":"closed","template":"","meta":{"_joinchat":[]},"product_brand":[],"product_cat":[187],"product_tag":[80,84,85,86,82,81,83],"class_list":{"0":"post-11542","1":"product","2":"type-product","3":"status-publish","4":"has-post-thumbnail","6":"product_cat-shampoo","7":"product_tag-aguacate","8":"product_tag-antiestres","9":"product_tag-antifatiga","10":"product_tag-aromaterapia","11":"product_tag-calmante","12":"product_tag-hidratante","13":"product_tag-rejuvenecedor","15":"first","16":"instock","17":"taxable","18":"shipping-taxable","19":"purchasable","20":"product-type-simple"},"jetpack_sharing_enabled":true,"_links":{"self":[{"href":"https:\/\/wembe.com.py\/en\/wp-json\/wp\/v2\/product\/11542","targetHints":{"allow":["GET"]}}],"collection":[{"href":"https:\/\/wembe.com.py\/en\/wp-json\/wp\/v2\/product"}],"about":[{"href":"https:\/\/wembe.com.py\/en\/wp-json\/wp\/v2\/types\/product"}],"replies":[{"embeddable":true,"href":"https:\/\/wembe.com.py\/en\/wp-json\/wp\/v2\/comments?post=11542"}],"wp:featuredmedia":[{"embeddable":true,"href":"https:\/\/wembe.com.py\/en\/wp-json\/wp\/v2\/media\/11543"}],"wp:attachment":[{"href":"https:\/\/wembe.com.py\/en\/wp-json\/wp\/v2\/media?parent=11542"}],"wp:term":[{"taxonomy":"product_brand","embeddable":true,"href":"https:\/\/wembe.com.py\/en\/wp-json\/wp\/v2\/product_brand?post=11542"},{"taxonomy":"product_cat","embeddable":true,"href":"https:\/\/wembe.com.py\/en\/wp-json\/wp\/v2\/product_cat?post=11542"},{"taxonomy":"product_tag","embeddable":true,"href":"https:\/\/wembe.com.py\/en\/wp-json\/wp\/v2\/product_tag?post=11542"}],"curies":[{"name":"wp","href":"https:\/\/api.w.org\/{rel}","templated":true}]}}