{"id":11538,"date":"2025-12-23T10:51:46","date_gmt":"2025-12-23T13:51:46","guid":{"rendered":"https:\/\/wembe.com.py\/?post_type=product&#038;p=11538"},"modified":"2026-03-23T21:43:22","modified_gmt":"2026-03-24T00:43:22","slug":"shampoo-hidratante","status":"publish","type":"product","link":"https:\/\/wembe.com.py\/en\/product\/shampoo-hidratante\/","title":{"rendered":"SHAMPOO HIDRATANTE"},"content":{"rendered":"<h5><strong>S\u00c9RUM NUTRITIVO<\/strong><\/h5>\n<p>Shampoo s\u00f3lido nutritivo inspirado en la bot\u00e1nica, desarrollado para cabellos secos, opacos o deshidratados. Limpia<br \/>\nsuavemente mientras hidrata y devuelve el brillo natural al cabello.<\/p>\n<p>Formulado con Sodium Cocoate, manteca vegetal, aceite de ricino, extracto de romero y harina org\u00e1nica de perejil, que aporta minerales y antioxidantes para un cabello m\u00e1s suave y saludable.<\/p>\n<p><strong>Beneficios:\u00a0<\/strong><br \/>\n\u2022 Hidrata y nutre en profundidad<br \/>\n\u2022 Suaviza y aporta brillo natural<br \/>\n\u2022 Limpieza delicada sin resecar<br \/>\n\u2022 Ideal para uso frecuente<\/p>\n<p>&nbsp;<\/p>\n<p><strong>Ingredientes destacados:\u00a0<\/strong><br \/>\n\u2022 Sodium Cocoate<br \/>\n\u2022 Manteca Vegetal<br \/>\n\u2022 Aceite de Ricino<br \/>\n\u2022 Extracto de Romero<br \/>\n\u2022 Harina Org\u00e1nica de Perejil<\/p>","protected":false},"excerpt":{"rendered":"<p>S\u00c9RUM NUTRITIVO Shampoo s\u00f3lido nutritivo inspirado en la bot\u00e1nica, desarrollado para cabellos secos, opacos o deshidratados. Limpia suavemente mientras hidrata y devuelve el brillo natural al cabello. Formulado con Sodium Cocoate, manteca vegetal, aceite de ricino, extracto de romero y harina org\u00e1nica de perejil, que aporta minerales y antioxidantes para un cabello m\u00e1s suave y [&hellip;]<\/p>\n","protected":false},"featured_media":11540,"comment_status":"open","ping_status":"closed","template":"","meta":{"_joinchat":[]},"product_brand":[],"product_cat":[187],"product_tag":[80,84,85,86,82,81,83],"class_list":{"0":"post-11538","1":"product","2":"type-product","3":"status-publish","4":"has-post-thumbnail","6":"product_cat-shampoo","7":"product_tag-aguacate","8":"product_tag-antiestres","9":"product_tag-antifatiga","10":"product_tag-aromaterapia","11":"product_tag-calmante","12":"product_tag-hidratante","13":"product_tag-rejuvenecedor","15":"first","16":"instock","17":"taxable","18":"shipping-taxable","19":"purchasable","20":"product-type-simple"},"jetpack_sharing_enabled":true,"_links":{"self":[{"href":"https:\/\/wembe.com.py\/en\/wp-json\/wp\/v2\/product\/11538","targetHints":{"allow":["GET"]}}],"collection":[{"href":"https:\/\/wembe.com.py\/en\/wp-json\/wp\/v2\/product"}],"about":[{"href":"https:\/\/wembe.com.py\/en\/wp-json\/wp\/v2\/types\/product"}],"replies":[{"embeddable":true,"href":"https:\/\/wembe.com.py\/en\/wp-json\/wp\/v2\/comments?post=11538"}],"wp:featuredmedia":[{"embeddable":true,"href":"https:\/\/wembe.com.py\/en\/wp-json\/wp\/v2\/media\/11540"}],"wp:attachment":[{"href":"https:\/\/wembe.com.py\/en\/wp-json\/wp\/v2\/media?parent=11538"}],"wp:term":[{"taxonomy":"product_brand","embeddable":true,"href":"https:\/\/wembe.com.py\/en\/wp-json\/wp\/v2\/product_brand?post=11538"},{"taxonomy":"product_cat","embeddable":true,"href":"https:\/\/wembe.com.py\/en\/wp-json\/wp\/v2\/product_cat?post=11538"},{"taxonomy":"product_tag","embeddable":true,"href":"https:\/\/wembe.com.py\/en\/wp-json\/wp\/v2\/product_tag?post=11538"}],"curies":[{"name":"wp","href":"https:\/\/api.w.org\/{rel}","templated":true}]}}