{"id":11533,"date":"2025-12-23T10:31:55","date_gmt":"2025-12-23T13:31:55","guid":{"rendered":"https:\/\/wembe.com.py\/?post_type=product&#038;p=11533"},"modified":"2026-03-20T08:08:17","modified_gmt":"2026-03-20T11:08:17","slug":"oleo-facial-botanico","status":"publish","type":"product","link":"https:\/\/wembe.com.py\/en\/product\/oleo-facial-botanico\/","title":{"rendered":"\u00d3LEO FACIAL BOT\u00c1NICO"},"content":{"rendered":"<h5><strong>\u00d3LEO FACIAL BOT\u00c1NICO <\/strong><\/h5>\n<p>Hidrataci\u00f3n Pura.<br \/>\nSinergia de aceites vegetales prensados en fr\u00edo.<br \/>\nAporta nutrici\u00f3n, luminosidad y equilibrio para todo tipo de piel.<\/p>\n<p>&nbsp;<\/p>\n<p><strong>Presentaci\u00f3n:<\/strong> 30ml.<\/p>","protected":false},"excerpt":{"rendered":"<p>\u00d3LEO FACIAL BOT\u00c1NICO Hidrataci\u00f3n Pura. Sinergia de aceites vegetales prensados en fr\u00edo. Aporta nutrici\u00f3n, luminosidad y equilibrio para todo tipo de piel. &nbsp; Presentaci\u00f3n: 30ml.<\/p>","protected":false},"featured_media":11534,"comment_status":"open","ping_status":"closed","template":"","meta":{"_joinchat":[]},"product_brand":[],"product_cat":[74],"product_tag":[80,84,85,86,82,81,83],"class_list":{"0":"post-11533","1":"product","2":"type-product","3":"status-publish","4":"has-post-thumbnail","6":"product_cat-rutina-facial","7":"product_tag-aguacate","8":"product_tag-antiestres","9":"product_tag-antifatiga","10":"product_tag-aromaterapia","11":"product_tag-calmante","12":"product_tag-hidratante","13":"product_tag-rejuvenecedor","15":"first","16":"instock","17":"taxable","18":"shipping-taxable","19":"purchasable","20":"product-type-simple"},"jetpack_sharing_enabled":true,"_links":{"self":[{"href":"https:\/\/wembe.com.py\/en\/wp-json\/wp\/v2\/product\/11533","targetHints":{"allow":["GET"]}}],"collection":[{"href":"https:\/\/wembe.com.py\/en\/wp-json\/wp\/v2\/product"}],"about":[{"href":"https:\/\/wembe.com.py\/en\/wp-json\/wp\/v2\/types\/product"}],"replies":[{"embeddable":true,"href":"https:\/\/wembe.com.py\/en\/wp-json\/wp\/v2\/comments?post=11533"}],"wp:featuredmedia":[{"embeddable":true,"href":"https:\/\/wembe.com.py\/en\/wp-json\/wp\/v2\/media\/11534"}],"wp:attachment":[{"href":"https:\/\/wembe.com.py\/en\/wp-json\/wp\/v2\/media?parent=11533"}],"wp:term":[{"taxonomy":"product_brand","embeddable":true,"href":"https:\/\/wembe.com.py\/en\/wp-json\/wp\/v2\/product_brand?post=11533"},{"taxonomy":"product_cat","embeddable":true,"href":"https:\/\/wembe.com.py\/en\/wp-json\/wp\/v2\/product_cat?post=11533"},{"taxonomy":"product_tag","embeddable":true,"href":"https:\/\/wembe.com.py\/en\/wp-json\/wp\/v2\/product_tag?post=11533"}],"curies":[{"name":"wp","href":"https:\/\/api.w.org\/{rel}","templated":true}]}}