{"id":11523,"date":"2025-12-23T09:59:22","date_gmt":"2025-12-23T12:59:22","guid":{"rendered":"https:\/\/wembe.com.py\/?post_type=product&#038;p=11523"},"modified":"2026-01-06T21:49:05","modified_gmt":"2026-01-07T00:49:05","slug":"aloe-gel","status":"publish","type":"product","link":"https:\/\/wembe.com.py\/en\/product\/aloe-gel\/","title":{"rendered":"ALOE GEL"},"content":{"rendered":"<h5><strong>Aloe Gel<\/strong><\/h5>\n<p>Gel de textura ligera y r\u00e1pida absorci\u00f3n que refresca y calma la piel.<br \/>\nCon Aloe Vera natural, ayuda a mantener la hidrataci\u00f3n y aporta una sensaci\u00f3n de confort inmediato.<\/p>\n<p><strong>Efectos Aromaterap\u00e9uticos:\u00a0<\/strong>calmante, rejuvenecedor, calma la fatiga y el estr\u00e9s.<\/p>\n<p>&nbsp;<\/p>\n<p><strong>Presentaci\u00f3n:<\/strong>30ml.<\/p>","protected":false},"excerpt":{"rendered":"<p>Aloe Gel Gel de textura ligera y r\u00e1pida absorci\u00f3n que refresca y calma la piel. Con Aloe Vera natural, ayuda a mantener la hidrataci\u00f3n y aporta una sensaci\u00f3n de confort inmediato. Efectos Aromaterap\u00e9uticos:\u00a0calmante, rejuvenecedor, calma la fatiga y el estr\u00e9s. &nbsp; Presentaci\u00f3n:30ml.<\/p>","protected":false},"featured_media":11524,"comment_status":"open","ping_status":"closed","template":"","meta":{"_joinchat":[]},"product_brand":[],"product_cat":[74],"product_tag":[80,84,85,86,82,81,83],"class_list":{"0":"post-11523","1":"product","2":"type-product","3":"status-publish","4":"has-post-thumbnail","6":"product_cat-rutina-facial","7":"product_tag-aguacate","8":"product_tag-antiestres","9":"product_tag-antifatiga","10":"product_tag-aromaterapia","11":"product_tag-calmante","12":"product_tag-hidratante","13":"product_tag-rejuvenecedor","15":"first","16":"outofstock","17":"taxable","18":"shipping-taxable","19":"purchasable","20":"product-type-simple"},"jetpack_sharing_enabled":true,"_links":{"self":[{"href":"https:\/\/wembe.com.py\/en\/wp-json\/wp\/v2\/product\/11523","targetHints":{"allow":["GET"]}}],"collection":[{"href":"https:\/\/wembe.com.py\/en\/wp-json\/wp\/v2\/product"}],"about":[{"href":"https:\/\/wembe.com.py\/en\/wp-json\/wp\/v2\/types\/product"}],"replies":[{"embeddable":true,"href":"https:\/\/wembe.com.py\/en\/wp-json\/wp\/v2\/comments?post=11523"}],"wp:featuredmedia":[{"embeddable":true,"href":"https:\/\/wembe.com.py\/en\/wp-json\/wp\/v2\/media\/11524"}],"wp:attachment":[{"href":"https:\/\/wembe.com.py\/en\/wp-json\/wp\/v2\/media?parent=11523"}],"wp:term":[{"taxonomy":"product_brand","embeddable":true,"href":"https:\/\/wembe.com.py\/en\/wp-json\/wp\/v2\/product_brand?post=11523"},{"taxonomy":"product_cat","embeddable":true,"href":"https:\/\/wembe.com.py\/en\/wp-json\/wp\/v2\/product_cat?post=11523"},{"taxonomy":"product_tag","embeddable":true,"href":"https:\/\/wembe.com.py\/en\/wp-json\/wp\/v2\/product_tag?post=11523"}],"curies":[{"name":"wp","href":"https:\/\/api.w.org\/{rel}","templated":true}]}}