{"id":11483,"date":"2025-11-24T17:31:08","date_gmt":"2025-11-24T20:31:08","guid":{"rendered":"https:\/\/wembe.com.py\/?post_type=product&#038;p=11483"},"modified":"2026-01-21T13:18:49","modified_gmt":"2026-01-21T16:18:49","slug":"jabon-liquido-wembe","status":"publish","type":"product","link":"https:\/\/wembe.com.py\/en\/product\/jabon-liquido-wembe\/","title":{"rendered":"Jab\u00f3n l\u00edquido Wemb\u00e9"},"content":{"rendered":"<h5>Jab\u00f3n l\u00edquido Wemb\u00e9<\/h5>\n<p>&nbsp;<\/p>\n<p><strong><em>Pureza y dise\u00f1o en cada lavado.<\/em><\/strong><\/p>\n<p>&nbsp;<\/p>\n<p>Formulado con aceites vegetales y extractos naturales, limpia suavemente mientras deja la piel hidratada y protegida.<br \/>\nPresentado en un dispenser de vidrio reutilizable, ideal para el ba\u00f1o o la cocina, combinando funcionalidad, belleza y sustentabilidad.<\/p>","protected":false},"excerpt":{"rendered":"<p>Jab\u00f3n l\u00edquido Wemb\u00e9 &nbsp; Pureza y dise\u00f1o en cada lavado. &nbsp; Formulado con aceites vegetales y extractos naturales, limpia suavemente mientras deja la piel hidratada y protegida. Presentado en un dispenser de vidrio reutilizable, ideal para el ba\u00f1o o la cocina, combinando funcionalidad, belleza y sustentabilidad.<\/p>","protected":false},"featured_media":11485,"comment_status":"open","ping_status":"closed","template":"","meta":{"_joinchat":[]},"product_brand":[],"product_cat":[184],"product_tag":[88,87,148],"class_list":{"0":"post-11483","1":"product","2":"type-product","3":"status-publish","4":"has-post-thumbnail","6":"product_cat-jabon-liquido","7":"product_tag-acai","8":"product_tag-antioxidante","9":"product_tag-luffas","11":"first","12":"outofstock","13":"taxable","14":"shipping-taxable","15":"purchasable","16":"product-type-simple"},"jetpack_sharing_enabled":true,"_links":{"self":[{"href":"https:\/\/wembe.com.py\/en\/wp-json\/wp\/v2\/product\/11483","targetHints":{"allow":["GET"]}}],"collection":[{"href":"https:\/\/wembe.com.py\/en\/wp-json\/wp\/v2\/product"}],"about":[{"href":"https:\/\/wembe.com.py\/en\/wp-json\/wp\/v2\/types\/product"}],"replies":[{"embeddable":true,"href":"https:\/\/wembe.com.py\/en\/wp-json\/wp\/v2\/comments?post=11483"}],"wp:featuredmedia":[{"embeddable":true,"href":"https:\/\/wembe.com.py\/en\/wp-json\/wp\/v2\/media\/11485"}],"wp:attachment":[{"href":"https:\/\/wembe.com.py\/en\/wp-json\/wp\/v2\/media?parent=11483"}],"wp:term":[{"taxonomy":"product_brand","embeddable":true,"href":"https:\/\/wembe.com.py\/en\/wp-json\/wp\/v2\/product_brand?post=11483"},{"taxonomy":"product_cat","embeddable":true,"href":"https:\/\/wembe.com.py\/en\/wp-json\/wp\/v2\/product_cat?post=11483"},{"taxonomy":"product_tag","embeddable":true,"href":"https:\/\/wembe.com.py\/en\/wp-json\/wp\/v2\/product_tag?post=11483"}],"curies":[{"name":"wp","href":"https:\/\/api.w.org\/{rel}","templated":true}]}}