{"id":11466,"date":"2025-11-24T14:40:58","date_gmt":"2025-11-24T17:40:58","guid":{"rendered":"https:\/\/wembe.com.py\/?post_type=product&#038;p=11466"},"modified":"2026-01-21T13:16:10","modified_gmt":"2026-01-21T16:16:10","slug":"ecopacks-de-tela","status":"publish","type":"product","link":"https:\/\/wembe.com.py\/en\/product\/ecopacks-de-tela\/","title":{"rendered":"Ecopacks de tela"},"content":{"rendered":"<h5>Ecopack de tela con dise\u00f1os festivos.<\/h5>\n<p>Incluye 12 jabones artesanales de 75g y una cer\u00e1mica esmaltada decorativa, ideal para colgar en el arbolito o ambientar el ba\u00f1o.<br \/>\nLa tela puede emplearse como mantel individual o detalle de mesa, aportando calidez y funcionalidad al hogar.<br \/>\nDisponible en 4 dise\u00f1os diferentes de tela.<\/p>","protected":false},"excerpt":{"rendered":"<p>Ecopack de tela con dise\u00f1os festivos. Incluye 12 jabones artesanales de 75g y una cer\u00e1mica esmaltada decorativa, ideal para colgar en el arbolito o ambientar el ba\u00f1o. La tela puede emplearse como mantel individual o detalle de mesa, aportando calidez y funcionalidad al hogar. Disponible en 4 dise\u00f1os diferentes de tela.<\/p>","protected":false},"featured_media":11487,"comment_status":"open","ping_status":"closed","template":"","meta":{"_joinchat":[]},"product_brand":[],"product_cat":[151,72],"product_tag":[87,86,152,92,81,149],"class_list":{"0":"post-11466","1":"product","2":"type-product","3":"status-publish","4":"has-post-thumbnail","6":"product_cat-ecopack","7":"product_cat-jabones","8":"product_tag-antioxidante","9":"product_tag-aromaterapia","10":"product_tag-ecopack","11":"product_tag-exfoliante","12":"product_tag-hidratante","13":"product_tag-jabones","15":"first","16":"outofstock","17":"taxable","18":"shipping-taxable","19":"purchasable","20":"product-type-simple"},"jetpack_sharing_enabled":true,"_links":{"self":[{"href":"https:\/\/wembe.com.py\/en\/wp-json\/wp\/v2\/product\/11466","targetHints":{"allow":["GET"]}}],"collection":[{"href":"https:\/\/wembe.com.py\/en\/wp-json\/wp\/v2\/product"}],"about":[{"href":"https:\/\/wembe.com.py\/en\/wp-json\/wp\/v2\/types\/product"}],"replies":[{"embeddable":true,"href":"https:\/\/wembe.com.py\/en\/wp-json\/wp\/v2\/comments?post=11466"}],"wp:featuredmedia":[{"embeddable":true,"href":"https:\/\/wembe.com.py\/en\/wp-json\/wp\/v2\/media\/11487"}],"wp:attachment":[{"href":"https:\/\/wembe.com.py\/en\/wp-json\/wp\/v2\/media?parent=11466"}],"wp:term":[{"taxonomy":"product_brand","embeddable":true,"href":"https:\/\/wembe.com.py\/en\/wp-json\/wp\/v2\/product_brand?post=11466"},{"taxonomy":"product_cat","embeddable":true,"href":"https:\/\/wembe.com.py\/en\/wp-json\/wp\/v2\/product_cat?post=11466"},{"taxonomy":"product_tag","embeddable":true,"href":"https:\/\/wembe.com.py\/en\/wp-json\/wp\/v2\/product_tag?post=11466"}],"curies":[{"name":"wp","href":"https:\/\/api.w.org\/{rel}","templated":true}]}}