{"id":10994,"date":"2024-11-27T14:27:13","date_gmt":"2024-11-27T17:27:13","guid":{"rendered":"https:\/\/wembe.com.py\/?post_type=product&#038;p=10994"},"modified":"2025-03-18T11:19:20","modified_gmt":"2025-03-18T14:19:20","slug":"luffa-exfoliante-mburucuya","status":"publish","type":"product","link":"https:\/\/wembe.com.py\/en\/product\/luffa-exfoliante-mburucuya\/","title":{"rendered":"Luffa Exfoliante &#8211; Mburucuya"},"content":{"rendered":"<h5><strong>LUFFA EXFOLIANTE \u2013<\/strong><strong>Mburucuya <\/strong><strong>(HIDRATANTE)<\/strong><\/h5>\n<p>&nbsp;<\/p>\n<p>Revitaliza tu piel y tus sentidos con esta mezcla llena de energ\u00eda. Hecho con el m\u00e1s puro aceite de almendras y con una esponja vegetal en el medio para una suave exfoliaci\u00f3n natural.<\/p>\n<p>Exfoliar la piel regularmente elimina las c\u00e9lulas muertas, estimula la circulaci\u00f3n, limpia profundamente y mejora la apariencia.<\/p>\n<p>Perfecto para todo tipo de piel.<\/p>","protected":false},"excerpt":{"rendered":"<p>LUFFA EXFOLIANTE \u2013Mburucuya (HIDRATANTE) &nbsp; Revitaliza tu piel y tus sentidos con esta mezcla llena de energ\u00eda. Hecho con el m\u00e1s puro aceite de almendras y con una esponja vegetal en el medio para una suave exfoliaci\u00f3n natural. Exfoliar la piel regularmente elimina las c\u00e9lulas muertas, estimula la circulaci\u00f3n, limpia profundamente y mejora la apariencia. [&hellip;]<\/p>\n","protected":false},"featured_media":10995,"comment_status":"open","ping_status":"closed","template":"","meta":{"_joinchat":[]},"product_brand":[],"product_cat":[78],"product_tag":[],"class_list":{"0":"post-10994","1":"product","2":"type-product","3":"status-publish","4":"has-post-thumbnail","6":"product_cat-luffas","8":"first","9":"instock","10":"taxable","11":"shipping-taxable","12":"purchasable","13":"product-type-simple"},"jetpack_sharing_enabled":true,"_links":{"self":[{"href":"https:\/\/wembe.com.py\/en\/wp-json\/wp\/v2\/product\/10994","targetHints":{"allow":["GET"]}}],"collection":[{"href":"https:\/\/wembe.com.py\/en\/wp-json\/wp\/v2\/product"}],"about":[{"href":"https:\/\/wembe.com.py\/en\/wp-json\/wp\/v2\/types\/product"}],"replies":[{"embeddable":true,"href":"https:\/\/wembe.com.py\/en\/wp-json\/wp\/v2\/comments?post=10994"}],"wp:featuredmedia":[{"embeddable":true,"href":"https:\/\/wembe.com.py\/en\/wp-json\/wp\/v2\/media\/10995"}],"wp:attachment":[{"href":"https:\/\/wembe.com.py\/en\/wp-json\/wp\/v2\/media?parent=10994"}],"wp:term":[{"taxonomy":"product_brand","embeddable":true,"href":"https:\/\/wembe.com.py\/en\/wp-json\/wp\/v2\/product_brand?post=10994"},{"taxonomy":"product_cat","embeddable":true,"href":"https:\/\/wembe.com.py\/en\/wp-json\/wp\/v2\/product_cat?post=10994"},{"taxonomy":"product_tag","embeddable":true,"href":"https:\/\/wembe.com.py\/en\/wp-json\/wp\/v2\/product_tag?post=10994"}],"curies":[{"name":"wp","href":"https:\/\/api.w.org\/{rel}","templated":true}]}}