{"id":10466,"date":"2023-04-03T18:37:24","date_gmt":"2023-04-03T21:37:24","guid":{"rendered":"https:\/\/wembe.com.py\/?post_type=product&#038;p=10466"},"modified":"2026-03-20T08:28:06","modified_gmt":"2026-03-20T11:28:06","slug":"jabon-de-castilla","status":"publish","type":"product","link":"https:\/\/wembe.com.py\/en\/product\/jabon-de-castilla\/","title":{"rendered":"Jab\u00f3n de Castilla"},"content":{"rendered":"<h5><strong>Jab\u00f3n de castilla \u2013 para pieles hipersensibles<\/strong><\/h5>\n<p>Inspirada en el viejo mundo. Siguiendo antiguas recetas, el Jab\u00f3n de Castilla se fabrica exclusivamente a base de grandes cantidades de aceite de oliva, que contiene \u00e1cido oleico en abundancia, por lo que la piel queda suave y flexible.<br \/>\nNo contiene colorantes ni esencias. Adem\u00e1s de limpiar a profundidad, nutre y protege. La pureza y cremosidad de este jab\u00f3n son especiales para pieles sensibles.<\/p>\n<p>&nbsp;<\/p>","protected":false},"excerpt":{"rendered":"<p>Jab\u00f3n de castilla \u2013 para pieles hipersensibles Inspirada en el viejo mundo. Siguiendo antiguas recetas, el Jab\u00f3n de Castilla se fabrica exclusivamente a base de grandes cantidades de aceite de oliva, que contiene \u00e1cido oleico en abundancia, por lo que la piel queda suave y flexible. No contiene colorantes ni esencias. Adem\u00e1s de limpiar a [&hellip;]<\/p>\n","protected":false},"featured_media":10464,"comment_status":"open","ping_status":"closed","template":"","meta":{"_joinchat":[]},"product_brand":[],"product_cat":[72],"product_tag":[173,170,175,171,172,101,176,102,174],"class_list":{"0":"post-10466","1":"product","2":"type-product","3":"status-publish","4":"has-post-thumbnail","6":"product_cat-jabones","7":"product_tag-aceite-de-oliva","8":"product_tag-castilla","9":"product_tag-hipersensibilidad","10":"product_tag-jabon-de-castilla","11":"product_tag-oliva","12":"product_tag-piel-sensible","13":"product_tag-pieles-hipersensibles","14":"product_tag-pieles-sensibles","15":"product_tag-sensibilidad","17":"first","18":"instock","19":"sold-individually","20":"taxable","21":"shipping-taxable","22":"purchasable","23":"product-type-variable"},"jetpack_sharing_enabled":true,"_links":{"self":[{"href":"https:\/\/wembe.com.py\/en\/wp-json\/wp\/v2\/product\/10466","targetHints":{"allow":["GET"]}}],"collection":[{"href":"https:\/\/wembe.com.py\/en\/wp-json\/wp\/v2\/product"}],"about":[{"href":"https:\/\/wembe.com.py\/en\/wp-json\/wp\/v2\/types\/product"}],"replies":[{"embeddable":true,"href":"https:\/\/wembe.com.py\/en\/wp-json\/wp\/v2\/comments?post=10466"}],"wp:featuredmedia":[{"embeddable":true,"href":"https:\/\/wembe.com.py\/en\/wp-json\/wp\/v2\/media\/10464"}],"wp:attachment":[{"href":"https:\/\/wembe.com.py\/en\/wp-json\/wp\/v2\/media?parent=10466"}],"wp:term":[{"taxonomy":"product_brand","embeddable":true,"href":"https:\/\/wembe.com.py\/en\/wp-json\/wp\/v2\/product_brand?post=10466"},{"taxonomy":"product_cat","embeddable":true,"href":"https:\/\/wembe.com.py\/en\/wp-json\/wp\/v2\/product_cat?post=10466"},{"taxonomy":"product_tag","embeddable":true,"href":"https:\/\/wembe.com.py\/en\/wp-json\/wp\/v2\/product_tag?post=10466"}],"curies":[{"name":"wp","href":"https:\/\/api.w.org\/{rel}","templated":true}]}}