{"id":11284,"date":"2025-03-27T17:42:51","date_gmt":"2025-03-27T20:42:51","guid":{"rendered":"https:\/\/wembe.com.py\/?page_id=11284"},"modified":"2025-11-17T16:45:09","modified_gmt":"2025-11-17T19:45:09","slug":"hoteles","status":"publish","type":"page","link":"https:\/\/wembe.com.py\/en\/hoteles\/","title":{"rendered":"Hoteles"},"content":{"rendered":"<div data-elementor-type=\"wp-page\" data-elementor-id=\"11284\" class=\"elementor elementor-11284\">\n\t\t\t\t\t\t<section class=\"elementor-section elementor-top-section elementor-element elementor-element-4c58c38 elementor-section-full_width elementor-section-height-default elementor-section-height-default qodef-elementor-content-no\" data-id=\"4c58c38\" data-element_type=\"section\" data-e-type=\"section\">\n\t\t\t\t\t\t<div class=\"elementor-container elementor-column-gap-default\">\n\t\t\t\t\t<div class=\"elementor-column elementor-col-100 elementor-top-column elementor-element elementor-element-4368e32\" data-id=\"4368e32\" data-element_type=\"column\" data-e-type=\"column\">\n\t\t\t<div class=\"elementor-widget-wrap elementor-element-populated\">\n\t\t\t\t\t\t<div class=\"elementor-element elementor-element-5a919aa elementor-widget elementor-widget-text-editor\" data-id=\"5a919aa\" data-element_type=\"widget\" data-e-type=\"widget\" data-widget_type=\"text-editor.default\">\n\t\t\t\t<div class=\"elementor-widget-container\">\n\t\t\t\t\t\t\t\t\t<h1 class=\"qodef-e-title entry-title\">Hoteles que conf\u00edan en Wemb\u00e9: Una experiencia natural y sostenible<\/h1><p>En un mundo donde la sostenibilidad es clave, los hoteles m\u00e1s innovadores eligen productos que reflejan su compromiso con el medioambiente. Wemb\u00e9 se enorgullece de ser parte de esta transformaci\u00f3n, ofreciendo jabones naturales elaborados con ingredientes puros, nobles y naturales, con envases biodegradables.<\/p><p>Nuestros productos est\u00e1n presentes en hoteles que buscan brindar una experiencia aut\u00e9ntica y consciente a sus hu\u00e9spedes, promoviendo el bienestar y el respeto por la naturaleza. Alojamientos que priorizan el lujo sostenible y el cuidado del planeta, nos eligen para ofrecer una opci\u00f3n responsable en cada detalle.<\/p><p>Descubr\u00ed d\u00f3nde pod\u00e9s encontrar nuestros jabones y sumergite en una experiencia de cuidado natural en cada estad\u00eda.<\/p>\t\t\t\t\t\t\t\t<\/div>\n\t\t\t\t<\/div>\n\t\t\t\t\t<\/div>\n\t\t<\/div>\n\t\t\t\t\t<\/div>\n\t\t<\/section>\n\t\t\t\t<section class=\"elementor-section elementor-top-section elementor-element elementor-element-ebfc2f1 elementor-section-full_width elementor-hidden-tablet elementor-hidden-mobile elementor-section-height-default elementor-section-height-default qodef-elementor-content-no\" data-id=\"ebfc2f1\" data-element_type=\"section\" data-e-type=\"section\">\n\t\t\t\t\t\t<div class=\"elementor-container elementor-column-gap-default\">\n\t\t\t\t\t<div class=\"elementor-column elementor-col-16 elementor-top-column elementor-element elementor-element-b221b4c\" data-id=\"b221b4c\" data-element_type=\"column\" data-e-type=\"column\">\n\t\t\t<div class=\"elementor-widget-wrap elementor-element-populated\">\n\t\t\t\t\t\t<div class=\"elementor-element elementor-element-8eccb3a elementor-widget elementor-widget-image\" data-id=\"8eccb3a\" data-element_type=\"widget\" data-e-type=\"widget\" data-widget_type=\"image.default\">\n\t\t\t\t<div class=\"elementor-widget-container\">\n\t\t\t\t\t\t\t\t\t\t\t\t\t\t\t<img fetchpriority=\"high\" decoding=\"async\" width=\"550\" height=\"350\" src=\"https:\/\/wembe.com.py\/wp-content\/uploads\/2025\/03\/1.png\" class=\"attachment-large size-large wp-image-11251\" alt=\"\" srcset=\"https:\/\/wembe.com.py\/wp-content\/uploads\/2025\/03\/1.png 550w, https:\/\/wembe.com.py\/wp-content\/uploads\/2025\/03\/1-300x191.png 300w, https:\/\/wembe.com.py\/wp-content\/uploads\/2025\/03\/1-18x12.png 18w\" sizes=\"(max-width: 550px) 100vw, 550px\" \/>\t\t\t\t\t\t\t\t\t\t\t\t\t\t\t<\/div>\n\t\t\t\t<\/div>\n\t\t\t\t\t<\/div>\n\t\t<\/div>\n\t\t\t\t<div class=\"elementor-column elementor-col-16 elementor-top-column elementor-element elementor-element-fb38218\" data-id=\"fb38218\" data-element_type=\"column\" data-e-type=\"column\">\n\t\t\t<div class=\"elementor-widget-wrap elementor-element-populated\">\n\t\t\t\t\t\t<div class=\"elementor-element elementor-element-b963699 elementor-widget elementor-widget-image\" data-id=\"b963699\" data-element_type=\"widget\" data-e-type=\"widget\" data-widget_type=\"image.default\">\n\t\t\t\t<div class=\"elementor-widget-container\">\n\t\t\t\t\t\t\t\t\t\t\t\t\t\t\t<img decoding=\"async\" width=\"550\" height=\"350\" src=\"https:\/\/wembe.com.py\/wp-content\/uploads\/2025\/03\/2.png\" class=\"attachment-large size-large wp-image-11252\" alt=\"\" srcset=\"https:\/\/wembe.com.py\/wp-content\/uploads\/2025\/03\/2.png 550w, https:\/\/wembe.com.py\/wp-content\/uploads\/2025\/03\/2-300x191.png 300w, https:\/\/wembe.com.py\/wp-content\/uploads\/2025\/03\/2-18x12.png 18w\" sizes=\"(max-width: 550px) 100vw, 550px\" \/>\t\t\t\t\t\t\t\t\t\t\t\t\t\t\t<\/div>\n\t\t\t\t<\/div>\n\t\t\t\t\t<\/div>\n\t\t<\/div>\n\t\t\t\t<div class=\"elementor-column elementor-col-16 elementor-top-column elementor-element elementor-element-187b78b\" data-id=\"187b78b\" data-element_type=\"column\" data-e-type=\"column\">\n\t\t\t<div class=\"elementor-widget-wrap elementor-element-populated\">\n\t\t\t\t\t\t<div class=\"elementor-element elementor-element-7d4b17b elementor-widget elementor-widget-image\" data-id=\"7d4b17b\" data-element_type=\"widget\" data-e-type=\"widget\" data-widget_type=\"image.default\">\n\t\t\t\t<div class=\"elementor-widget-container\">\n\t\t\t\t\t\t\t\t\t\t\t\t\t\t\t<img decoding=\"async\" width=\"550\" height=\"350\" src=\"https:\/\/wembe.com.py\/wp-content\/uploads\/2025\/03\/3.png\" class=\"attachment-large size-large wp-image-11250\" alt=\"\" srcset=\"https:\/\/wembe.com.py\/wp-content\/uploads\/2025\/03\/3.png 550w, https:\/\/wembe.com.py\/wp-content\/uploads\/2025\/03\/3-300x191.png 300w, https:\/\/wembe.com.py\/wp-content\/uploads\/2025\/03\/3-18x12.png 18w\" sizes=\"(max-width: 550px) 100vw, 550px\" \/>\t\t\t\t\t\t\t\t\t\t\t\t\t\t\t<\/div>\n\t\t\t\t<\/div>\n\t\t\t\t\t<\/div>\n\t\t<\/div>\n\t\t\t\t<div class=\"elementor-column elementor-col-16 elementor-top-column elementor-element elementor-element-7749da2\" data-id=\"7749da2\" data-element_type=\"column\" data-e-type=\"column\">\n\t\t\t<div class=\"elementor-widget-wrap elementor-element-populated\">\n\t\t\t\t\t\t<div class=\"elementor-element elementor-element-2c01c24 elementor-widget elementor-widget-image\" data-id=\"2c01c24\" data-element_type=\"widget\" data-e-type=\"widget\" data-widget_type=\"image.default\">\n\t\t\t\t<div class=\"elementor-widget-container\">\n\t\t\t\t\t\t\t\t\t\t\t\t\t\t\t<img loading=\"lazy\" decoding=\"async\" width=\"550\" height=\"350\" src=\"https:\/\/wembe.com.py\/wp-content\/uploads\/2025\/03\/Diseno-sin-titulo-2025-03-27T150045.509.png\" class=\"attachment-large size-large wp-image-11271\" alt=\"\" srcset=\"https:\/\/wembe.com.py\/wp-content\/uploads\/2025\/03\/Diseno-sin-titulo-2025-03-27T150045.509.png 550w, https:\/\/wembe.com.py\/wp-content\/uploads\/2025\/03\/Diseno-sin-titulo-2025-03-27T150045.509-300x191.png 300w, https:\/\/wembe.com.py\/wp-content\/uploads\/2025\/03\/Diseno-sin-titulo-2025-03-27T150045.509-18x12.png 18w\" sizes=\"(max-width: 550px) 100vw, 550px\" \/>\t\t\t\t\t\t\t\t\t\t\t\t\t\t\t<\/div>\n\t\t\t\t<\/div>\n\t\t\t\t\t<\/div>\n\t\t<\/div>\n\t\t\t\t<div class=\"elementor-column elementor-col-16 elementor-top-column elementor-element elementor-element-d048b11\" data-id=\"d048b11\" data-element_type=\"column\" data-e-type=\"column\">\n\t\t\t<div class=\"elementor-widget-wrap elementor-element-populated\">\n\t\t\t\t\t\t<div class=\"elementor-element elementor-element-1497c7d elementor-widget elementor-widget-image\" data-id=\"1497c7d\" data-element_type=\"widget\" data-e-type=\"widget\" data-widget_type=\"image.default\">\n\t\t\t\t<div class=\"elementor-widget-container\">\n\t\t\t\t\t\t\t\t\t\t\t\t\t\t\t<img loading=\"lazy\" decoding=\"async\" width=\"550\" height=\"350\" src=\"https:\/\/wembe.com.py\/wp-content\/uploads\/2025\/03\/Diseno-sin-titulo-2025-03-27T155539.495.png\" class=\"attachment-large size-large wp-image-11280\" alt=\"\" srcset=\"https:\/\/wembe.com.py\/wp-content\/uploads\/2025\/03\/Diseno-sin-titulo-2025-03-27T155539.495.png 550w, https:\/\/wembe.com.py\/wp-content\/uploads\/2025\/03\/Diseno-sin-titulo-2025-03-27T155539.495-300x191.png 300w, https:\/\/wembe.com.py\/wp-content\/uploads\/2025\/03\/Diseno-sin-titulo-2025-03-27T155539.495-18x12.png 18w\" sizes=\"(max-width: 550px) 100vw, 550px\" \/>\t\t\t\t\t\t\t\t\t\t\t\t\t\t\t<\/div>\n\t\t\t\t<\/div>\n\t\t\t\t\t<\/div>\n\t\t<\/div>\n\t\t\t\t<div class=\"elementor-column elementor-col-16 elementor-top-column elementor-element elementor-element-0b2faf9\" data-id=\"0b2faf9\" data-element_type=\"column\" data-e-type=\"column\">\n\t\t\t<div class=\"elementor-widget-wrap elementor-element-populated\">\n\t\t\t\t\t\t<div class=\"elementor-element elementor-element-56139fd elementor-widget elementor-widget-image\" data-id=\"56139fd\" data-element_type=\"widget\" data-e-type=\"widget\" data-widget_type=\"image.default\">\n\t\t\t\t<div class=\"elementor-widget-container\">\n\t\t\t\t\t\t\t\t\t\t\t\t\t\t\t\t<a href=\"http:\/\/www.oasis-dream.com\/\">\n\t\t\t\t\t\t\t<img loading=\"lazy\" decoding=\"async\" width=\"240\" height=\"153\" src=\"https:\/\/wembe.com.py\/wp-content\/uploads\/2025\/11\/Diseno-sin-titulo-2025-11-17T164219.826.png\" class=\"attachment-large size-large wp-image-11444\" alt=\"\" srcset=\"https:\/\/wembe.com.py\/wp-content\/uploads\/2025\/11\/Diseno-sin-titulo-2025-11-17T164219.826.png 240w, https:\/\/wembe.com.py\/wp-content\/uploads\/2025\/11\/Diseno-sin-titulo-2025-11-17T164219.826-18x12.png 18w\" sizes=\"(max-width: 240px) 100vw, 240px\" \/>\t\t\t\t\t\t\t\t<\/a>\n\t\t\t\t\t\t\t\t\t\t\t\t\t\t\t<\/div>\n\t\t\t\t<\/div>\n\t\t\t\t\t<\/div>\n\t\t<\/div>\n\t\t\t\t\t<\/div>\n\t\t<\/section>\n\t\t\t\t<section class=\"elementor-section elementor-top-section elementor-element elementor-element-d8110d1 elementor-section-full_width elementor-section-stretched elementor-hidden-desktop elementor-section-height-default elementor-section-height-default qodef-elementor-content-no\" data-id=\"d8110d1\" data-element_type=\"section\" data-e-type=\"section\" data-settings=\"{&quot;stretch_section&quot;:&quot;section-stretched&quot;}\">\n\t\t\t\t\t\t<div class=\"elementor-container elementor-column-gap-default\">\n\t\t\t\t\t<div class=\"elementor-column elementor-col-100 elementor-top-column elementor-element elementor-element-b554b76\" data-id=\"b554b76\" data-element_type=\"column\" data-e-type=\"column\">\n\t\t\t<div class=\"elementor-widget-wrap elementor-element-populated\">\n\t\t\t\t\t\t<div class=\"elementor-element elementor-element-f7fa30d elementor-widget elementor-widget-image\" data-id=\"f7fa30d\" data-element_type=\"widget\" data-e-type=\"widget\" data-widget_type=\"image.default\">\n\t\t\t\t<div class=\"elementor-widget-container\">\n\t\t\t\t\t\t\t\t\t\t\t\t\t\t\t<img loading=\"lazy\" decoding=\"async\" width=\"1024\" height=\"299\" src=\"https:\/\/wembe.com.py\/wp-content\/uploads\/2025\/03\/Diseno-sin-titulo-2025-03-27T175244.475-1024x299.png\" class=\"attachment-large size-large wp-image-11293\" alt=\"\" srcset=\"https:\/\/wembe.com.py\/wp-content\/uploads\/2025\/03\/Diseno-sin-titulo-2025-03-27T175244.475-1024x299.png 1024w, https:\/\/wembe.com.py\/wp-content\/uploads\/2025\/03\/Diseno-sin-titulo-2025-03-27T175244.475-300x88.png 300w, https:\/\/wembe.com.py\/wp-content\/uploads\/2025\/03\/Diseno-sin-titulo-2025-03-27T175244.475-768x224.png 768w, https:\/\/wembe.com.py\/wp-content\/uploads\/2025\/03\/Diseno-sin-titulo-2025-03-27T175244.475-18x5.png 18w, https:\/\/wembe.com.py\/wp-content\/uploads\/2025\/03\/Diseno-sin-titulo-2025-03-27T175244.475-600x175.png 600w, https:\/\/wembe.com.py\/wp-content\/uploads\/2025\/03\/Diseno-sin-titulo-2025-03-27T175244.475.png 1200w\" sizes=\"(max-width: 1024px) 100vw, 1024px\" \/>\t\t\t\t\t\t\t\t\t\t\t\t\t\t\t<\/div>\n\t\t\t\t<\/div>\n\t\t\t\t\t<\/div>\n\t\t<\/div>\n\t\t\t\t\t<\/div>\n\t\t<\/section>\n\t\t\t\t<\/div>","protected":false},"excerpt":{"rendered":"<p>Hoteles que conf\u00edan en Wemb\u00e9: Una experiencia natural y sostenible En un mundo donde la sostenibilidad es clave, los hoteles m\u00e1s innovadores eligen productos que reflejan su compromiso con el medioambiente. Wemb\u00e9 se enorgullece de ser parte de esta transformaci\u00f3n, ofreciendo jabones naturales elaborados con ingredientes puros, nobles y naturales, con envases biodegradables. Nuestros productos [&hellip;]<\/p>\n","protected":false},"author":1069,"featured_media":0,"parent":0,"menu_order":0,"comment_status":"closed","ping_status":"closed","template":"","meta":{"_joinchat":[],"footnotes":""},"class_list":["post-11284","page","type-page","status-publish","hentry"],"jetpack_sharing_enabled":true,"_links":{"self":[{"href":"https:\/\/wembe.com.py\/en\/wp-json\/wp\/v2\/pages\/11284","targetHints":{"allow":["GET"]}}],"collection":[{"href":"https:\/\/wembe.com.py\/en\/wp-json\/wp\/v2\/pages"}],"about":[{"href":"https:\/\/wembe.com.py\/en\/wp-json\/wp\/v2\/types\/page"}],"author":[{"embeddable":true,"href":"https:\/\/wembe.com.py\/en\/wp-json\/wp\/v2\/users\/1069"}],"replies":[{"embeddable":true,"href":"https:\/\/wembe.com.py\/en\/wp-json\/wp\/v2\/comments?post=11284"}],"version-history":[{"count":19,"href":"https:\/\/wembe.com.py\/en\/wp-json\/wp\/v2\/pages\/11284\/revisions"}],"predecessor-version":[{"id":11453,"href":"https:\/\/wembe.com.py\/en\/wp-json\/wp\/v2\/pages\/11284\/revisions\/11453"}],"wp:attachment":[{"href":"https:\/\/wembe.com.py\/en\/wp-json\/wp\/v2\/media?parent=11284"}],"curies":[{"name":"wp","href":"https:\/\/api.w.org\/{rel}","templated":true}]}}