{"id":10875,"date":"2024-06-03T20:52:17","date_gmt":"2024-06-03T23:52:17","guid":{"rendered":"https:\/\/wembe.com.py\/?page_id=10875"},"modified":"2024-06-03T20:55:17","modified_gmt":"2024-06-03T23:55:17","slug":"terminos-de-uso","status":"publish","type":"page","link":"https:\/\/wembe.com.py\/en\/terminos-de-uso\/","title":{"rendered":"T\u00e9rminos de uso"},"content":{"rendered":"<div data-elementor-type=\"wp-page\" data-elementor-id=\"10875\" class=\"elementor elementor-10875\">\n\t\t\t\t\t\t<section class=\"elementor-section elementor-top-section elementor-element elementor-element-67b1894 elementor-section-boxed elementor-section-height-default elementor-section-height-default qodef-elementor-content-no\" data-id=\"67b1894\" data-element_type=\"section\" data-e-type=\"section\">\n\t\t\t\t\t\t<div class=\"elementor-container elementor-column-gap-default\">\n\t\t\t\t\t<div class=\"elementor-column elementor-col-33 elementor-top-column elementor-element elementor-element-57b45e4\" data-id=\"57b45e4\" data-element_type=\"column\" data-e-type=\"column\">\n\t\t\t<div class=\"elementor-widget-wrap\">\n\t\t\t\t\t\t\t<\/div>\n\t\t<\/div>\n\t\t\t\t<div class=\"elementor-column elementor-col-33 elementor-top-column elementor-element elementor-element-310052d\" data-id=\"310052d\" data-element_type=\"column\" data-e-type=\"column\">\n\t\t\t<div class=\"elementor-widget-wrap elementor-element-populated\">\n\t\t\t\t\t\t<div class=\"elementor-element elementor-element-366eee1 elementor-widget elementor-widget-text-editor\" data-id=\"366eee1\" data-element_type=\"widget\" data-e-type=\"widget\" data-widget_type=\"text-editor.default\">\n\t\t\t\t<div class=\"elementor-widget-container\">\n\t\t\t\t\t\t\t\t\t<h3 style=\"text-align: center;\">Terms of Use<\/h3><h4>Aceptaci\u00f3n de los T\u00e9rminos<\/h4><p>Al acceder y utilizar el sitio web de Wemb\u00e9, usted acepta cumplir y estar sujeto a los siguientes T\u00e9rminos de Uso. Si no est\u00e1 de acuerdo con estos t\u00e9rminos, no debe usar nuestro sitio web.<\/p><h4>Uso del Sitio Web<\/h4><ol><li><strong>Acceso y Uso Permitido<\/strong>: Puede utilizar nuestro sitio web para fines personales y no comerciales de acuerdo con estos t\u00e9rminos.<\/li><li><strong>Conducta Prohibida<\/strong>: Est\u00e1 prohibido el uso del sitio web para cualquier prop\u00f3sito ilegal, incluyendo la violaci\u00f3n de derechos de autor, distribuci\u00f3n de contenido malicioso o la interrupci\u00f3n del funcionamiento del sitio web.<\/li><\/ol><h4>Propiedad Intelectual<\/h4><p>Todo el contenido del sitio web, incluyendo texto, gr\u00e1ficos, logos, im\u00e1genes y software, es propiedad de Wemb\u00e9 o de sus licenciantes y est\u00e1 protegido por leyes de propiedad intelectual.<\/p><h4>Limitaci\u00f3n de Responsabilidad<\/h4><p>Wemb\u00e9 no ser\u00e1 responsable por cualquier da\u00f1o directo, indirecto, incidental, consecuente o punitivo que surja del uso o la imposibilidad de uso del sitio web, incluyendo cualquier error, omisi\u00f3n, interrupci\u00f3n o retraso en la operaci\u00f3n o transmisi\u00f3n.<\/p><h4>Modificaciones a los T\u00e9rminos<\/h4><p>Nos reservamos el derecho de modificar estos T\u00e9rminos de Uso en cualquier momento. Las modificaciones entrar\u00e1n en vigor inmediatamente despu\u00e9s de su publicaci\u00f3n en el sitio web. Su uso continuado del sitio web constituye su aceptaci\u00f3n de los t\u00e9rminos modificados.<\/p><h4>Ley Aplicable<\/h4><p>Estos T\u00e9rminos de Uso se regir\u00e1n e interpretar\u00e1n de acuerdo con las leyes aplicables en el pa\u00eds donde Wemb\u00e9 est\u00e1 establecido.<\/p><h4>Contact<\/h4><p>Para cualquier pregunta o comentario sobre estos T\u00e9rminos de Uso, por favor, p\u00f3ngase en contacto con nosotros a trav\u00e9s de la informaci\u00f3n de contacto proporcionada en nuestro sitio web.<\/p>\t\t\t\t\t\t\t\t<\/div>\n\t\t\t\t<\/div>\n\t\t\t\t\t<\/div>\n\t\t<\/div>\n\t\t\t\t<div class=\"elementor-column elementor-col-33 elementor-top-column elementor-element elementor-element-119907c\" data-id=\"119907c\" data-element_type=\"column\" data-e-type=\"column\">\n\t\t\t<div class=\"elementor-widget-wrap\">\n\t\t\t\t\t\t\t<\/div>\n\t\t<\/div>\n\t\t\t\t\t<\/div>\n\t\t<\/section>\n\t\t\t\t<\/div>","protected":false},"excerpt":{"rendered":"<p>T\u00e9rminos de Uso Aceptaci\u00f3n de los T\u00e9rminos Al acceder y utilizar el sitio web de Wemb\u00e9, usted acepta cumplir y estar sujeto a los siguientes T\u00e9rminos de Uso. Si no est\u00e1 de acuerdo con estos t\u00e9rminos, no debe usar nuestro sitio web. Uso del Sitio Web Acceso y Uso Permitido: Puede utilizar nuestro sitio web [&hellip;]<\/p>\n","protected":false},"author":1,"featured_media":0,"parent":0,"menu_order":0,"comment_status":"closed","ping_status":"closed","template":"","meta":{"_joinchat":[],"footnotes":""},"class_list":["post-10875","page","type-page","status-publish","hentry"],"jetpack_sharing_enabled":true,"_links":{"self":[{"href":"https:\/\/wembe.com.py\/en\/wp-json\/wp\/v2\/pages\/10875","targetHints":{"allow":["GET"]}}],"collection":[{"href":"https:\/\/wembe.com.py\/en\/wp-json\/wp\/v2\/pages"}],"about":[{"href":"https:\/\/wembe.com.py\/en\/wp-json\/wp\/v2\/types\/page"}],"author":[{"embeddable":true,"href":"https:\/\/wembe.com.py\/en\/wp-json\/wp\/v2\/users\/1"}],"replies":[{"embeddable":true,"href":"https:\/\/wembe.com.py\/en\/wp-json\/wp\/v2\/comments?post=10875"}],"version-history":[{"count":4,"href":"https:\/\/wembe.com.py\/en\/wp-json\/wp\/v2\/pages\/10875\/revisions"}],"predecessor-version":[{"id":10879,"href":"https:\/\/wembe.com.py\/en\/wp-json\/wp\/v2\/pages\/10875\/revisions\/10879"}],"wp:attachment":[{"href":"https:\/\/wembe.com.py\/en\/wp-json\/wp\/v2\/media?parent=10875"}],"curies":[{"name":"wp","href":"https:\/\/api.w.org\/{rel}","templated":true}]}}