{"id":10840,"date":"2024-05-31T18:02:27","date_gmt":"2024-05-31T21:02:27","guid":{"rendered":"https:\/\/wembe.com.py\/?page_id=10840"},"modified":"2024-06-01T13:28:58","modified_gmt":"2024-06-01T16:28:58","slug":"carta-del-ceo","status":"publish","type":"page","link":"https:\/\/wembe.com.py\/en\/carta-del-ceo\/","title":{"rendered":"Carta del CEO"},"content":{"rendered":"<div data-elementor-type=\"wp-page\" data-elementor-id=\"10840\" class=\"elementor elementor-10840\">\n\t\t\t\t\t\t<section class=\"elementor-section elementor-top-section elementor-element elementor-element-40f7f3c elementor-section-boxed elementor-section-height-default elementor-section-height-default qodef-elementor-content-no\" data-id=\"40f7f3c\" data-element_type=\"section\" data-e-type=\"section\">\n\t\t\t\t\t\t<div class=\"elementor-container elementor-column-gap-default\">\n\t\t\t\t\t<div class=\"elementor-column elementor-col-33 elementor-top-column elementor-element elementor-element-c0bb63d\" data-id=\"c0bb63d\" data-element_type=\"column\" data-e-type=\"column\">\n\t\t\t<div class=\"elementor-widget-wrap\">\n\t\t\t\t\t\t\t<\/div>\n\t\t<\/div>\n\t\t\t\t<div class=\"elementor-column elementor-col-33 elementor-top-column elementor-element elementor-element-e1df94f\" data-id=\"e1df94f\" data-element_type=\"column\" data-e-type=\"column\">\n\t\t\t<div class=\"elementor-widget-wrap elementor-element-populated\">\n\t\t\t\t\t\t<div class=\"elementor-element elementor-element-12bf7d1 elementor-widget elementor-widget-askka_core_section_title\" data-id=\"12bf7d1\" data-element_type=\"widget\" data-e-type=\"widget\" data-widget_type=\"askka_core_section_title.default\">\n\t\t\t\t<div class=\"elementor-widget-container\">\n\t\t\t\t\t<div class=\"qodef-shortcode qodef-m  qodef-section-title qodef-alignment--center\"  >\n\t\t<var class=\"qodef-m-background-text\"  >\n\t\t<span>institucional<\/span>\n\t<\/var>\n\t\t\t<h2 class=\"qodef-m-title\" >\n\t\t\t\t\tCarta del CEO\t\t\t<\/h2>\n\t<\/div>\n\t\t\t\t<\/div>\n\t\t\t\t<\/div>\n\t\t\t\t<div class=\"elementor-element elementor-element-a32b73e elementor-widget elementor-widget-text-editor\" data-id=\"a32b73e\" data-element_type=\"widget\" data-e-type=\"widget\" data-widget_type=\"text-editor.default\">\n\t\t\t\t<div class=\"elementor-widget-container\">\n\t\t\t\t\t\t\t\t\t<blockquote><p>La valent\u00eda es el primer paso hacia un mundo de posibilidades inexploradas<\/p><\/blockquote><p>El desarrollo temprano de la visi\u00f3n de la marca como una comprometida con el medio ambiente establece el tono para el inicio de nuestra historia. As\u00ed es como WEMB\u00c9 evoluciona y se convierte en una empresa innovadora y s\u00f3lidamente construida, con una dedicaci\u00f3n incansable y un firme compromiso por cumplir nuestros objetivos.<\/p><p>En 2019, Francesco y yo emprendimos un viaje para transformar WEMB\u00c9. Cada aspecto del dise\u00f1o, las comunicaciones, el corte y el empaque de los productos fue meticulosamente pensado y planificado. En los comienzos inclusive adaptamos provisionalmente nuestro hogar para cortar y empaquetar manualmente los primeros jabones, manteniendo un enfoque artesanal que con el tiempo se ha convertido en un sello distintivo insuperable de la marca.<\/p><p>Las extensas horas de dedicaci\u00f3n y esfuerzo comenzaron a dar frutos, permitiendo que WEMB\u00c9 se destacara en medio de los desaf\u00edos presentados por la pandemia en los a\u00f1os 2020 y 2021. Durante este per\u00edodo, trabajamos incansablemente para consolidar la identidad de la marca, reafirmando en cada acci\u00f3n nuestro compromiso con la sostenibilidad ambiental y social. Nos asociamos con artesanos locales de gran destreza que dieron forma a las primeras jaboner\u00edas, establecimos un espacio de trabajo dise\u00f1ado y adecuado para el acabado de producci\u00f3n, ampliamos la disponibilidad de nuestros productos en los principales puntos de venta del pa\u00eds y dimos la bienvenida a los primeros colaboradores del equipo en las nuevas instalaciones. En cada paso, avanzamos con determinaci\u00f3n hacia el ambicioso sue\u00f1o de hacer que una marca paraguaya sea reconocida y apreciada por sus altos est\u00e1ndares en la arena nacional como internacional.<\/p><p>El 2022 marc\u00f3 un hito significativo en nuestra trayectoria con WEMB\u00c9. Con la firme meta de continuar creciendo y elevar la empresa a nuevos horizontes, la primera mesa de directores fue formada. En este mismo periodo, logramos destacarnos de manera excepcional al consolidarnos como la pionera en la industria cosm\u00e9tica paraguaya en llevar el prestigioso sello de Marca Pa\u00eds Paraguay, reafirmando as\u00ed nuestro compromiso con la calidad y la excelencia. Hemos participado y representado internacionalmente al pa\u00eds con mucho \u00e9xito en las ferias y expos de productos org\u00e1nicos m\u00e1s grandes del mundo. Asimismo, logramos nuestra primera exportaci\u00f3n de productos, derribando fronteras y abriendo camino a nuevas oportunidades.<\/p><p>En l\u00ednea con nuestra sensibilidad y compromiso social, nos unimos con la Fundaci\u00f3n Unidos Contra el C\u00e1ncer (FUNCA). En el mes de octubre, conocido como Octubre Rosa, destinamos un tercio de las ventas de nuestros Ecopacks a esta noble causacon el objetivo de concienciar sobre la prevenci\u00f3n del c\u00e1ncer de mama y apoyar a quienes luchan contra esta enfermedad, reafirmando as\u00ed nuestro compromiso con la comunidad y el bienestar social.<\/p><p>Esta decisi\u00f3n est\u00e1 profundamente arraigada en mi experiencia personal. En 2022, perd\u00ed a mi hermana a causa del c\u00e1ncer, una p\u00e9rdida que ha dejado una marca imborrable en mi vida. En su memoria y con la firme convicci\u00f3n de hacer una diferencia, decidimos apostar a FUNCA, con la esperanza de contribuir a la lucha contra esta devastadora enfermedad y de apoyar a las familias que enfrentan desaf\u00edos similares.<\/p><p>Mirando el camino recorrido, me siento profundamente orgullosa y con un esp\u00edritu inquebrantable para afrontar cualquier desaf\u00edo que se presente. WEMB\u00c9 es el reflejo de nuestra historia, paciencia, determinaci\u00f3n, entrega y audacia. Estamos comprometidos en dejar un legado al cuidar nuestros recursos naturales y contribuir desde nuestro lugar a una sociedad mejor.<br \/><br \/><br \/><\/p><p style=\"text-align: right;\"><strong>Saddy Pavetti<\/strong><br \/><strong>CEO de WEMB\u00c9<\/strong><\/p>\t\t\t\t\t\t\t\t<\/div>\n\t\t\t\t<\/div>\n\t\t\t\t\t<\/div>\n\t\t<\/div>\n\t\t\t\t<div class=\"elementor-column elementor-col-33 elementor-top-column elementor-element elementor-element-891438e\" data-id=\"891438e\" data-element_type=\"column\" data-e-type=\"column\">\n\t\t\t<div class=\"elementor-widget-wrap\">\n\t\t\t\t\t\t\t<\/div>\n\t\t<\/div>\n\t\t\t\t\t<\/div>\n\t\t<\/section>\n\t\t\t\t<\/div>","protected":false},"excerpt":{"rendered":"<p>institucional Carta del CEO La valent\u00eda es el primer paso hacia un mundo de posibilidades inexploradas El desarrollo temprano de la visi\u00f3n de la marca como una comprometida con el medio ambiente establece el tono para el inicio de nuestra historia. As\u00ed es como WEMB\u00c9 evoluciona y se convierte en una empresa innovadora y s\u00f3lidamente [&hellip;]<\/p>\n","protected":false},"author":1,"featured_media":0,"parent":0,"menu_order":0,"comment_status":"closed","ping_status":"closed","template":"","meta":{"_joinchat":[],"footnotes":""},"class_list":["post-10840","page","type-page","status-publish","hentry"],"jetpack_sharing_enabled":true,"_links":{"self":[{"href":"https:\/\/wembe.com.py\/en\/wp-json\/wp\/v2\/pages\/10840","targetHints":{"allow":["GET"]}}],"collection":[{"href":"https:\/\/wembe.com.py\/en\/wp-json\/wp\/v2\/pages"}],"about":[{"href":"https:\/\/wembe.com.py\/en\/wp-json\/wp\/v2\/types\/page"}],"author":[{"embeddable":true,"href":"https:\/\/wembe.com.py\/en\/wp-json\/wp\/v2\/users\/1"}],"replies":[{"embeddable":true,"href":"https:\/\/wembe.com.py\/en\/wp-json\/wp\/v2\/comments?post=10840"}],"version-history":[{"count":28,"href":"https:\/\/wembe.com.py\/en\/wp-json\/wp\/v2\/pages\/10840\/revisions"}],"predecessor-version":[{"id":10870,"href":"https:\/\/wembe.com.py\/en\/wp-json\/wp\/v2\/pages\/10840\/revisions\/10870"}],"wp:attachment":[{"href":"https:\/\/wembe.com.py\/en\/wp-json\/wp\/v2\/media?parent=10840"}],"curies":[{"name":"wp","href":"https:\/\/api.w.org\/{rel}","templated":true}]}}