{"id":10809,"date":"2024-05-16T21:53:35","date_gmt":"2024-05-17T00:53:35","guid":{"rendered":"https:\/\/wembe.com.py\/?page_id=10809"},"modified":"2024-11-28T16:03:11","modified_gmt":"2024-11-28T19:03:11","slug":"detras-de-wembe","status":"publish","type":"page","link":"https:\/\/wembe.com.py\/en\/detras-de-wembe\/","title":{"rendered":"Detr\u00e1s de WEMB\u00c9"},"content":{"rendered":"<div data-elementor-type=\"wp-page\" data-elementor-id=\"10809\" class=\"elementor elementor-10809\">\n\t\t\t\t\t\t<section class=\"elementor-section elementor-top-section elementor-element elementor-element-418c214 elementor-section-boxed elementor-section-height-default elementor-section-height-default qodef-elementor-content-no\" data-id=\"418c214\" data-element_type=\"section\" data-e-type=\"section\">\n\t\t\t\t\t\t<div class=\"elementor-container elementor-column-gap-default\">\n\t\t\t\t\t<div class=\"elementor-column elementor-col-33 elementor-top-column elementor-element elementor-element-f7ca792\" data-id=\"f7ca792\" data-element_type=\"column\" data-e-type=\"column\">\n\t\t\t<div class=\"elementor-widget-wrap\">\n\t\t\t\t\t\t\t<\/div>\n\t\t<\/div>\n\t\t\t\t<div class=\"elementor-column elementor-col-33 elementor-top-column elementor-element elementor-element-fcb6723\" data-id=\"fcb6723\" data-element_type=\"column\" data-e-type=\"column\">\n\t\t\t<div class=\"elementor-widget-wrap elementor-element-populated\">\n\t\t\t\t\t\t<div class=\"elementor-element elementor-element-dcf8383 elementor-widget elementor-widget-askka_core_section_title\" data-id=\"dcf8383\" data-element_type=\"widget\" data-e-type=\"widget\" data-widget_type=\"askka_core_section_title.default\">\n\t\t\t\t<div class=\"elementor-widget-container\">\n\t\t\t\t\t<div class=\"qodef-shortcode qodef-m  qodef-section-title qodef-alignment--center\"  >\n\t\t\t<span class=\"qodef-m-subtitle\" >Qui\u00e9nes somos<\/span>\n\t\t<h2 class=\"qodef-m-title\" style=\"color: #00A98F\">\n\t\t\t\t\tDetr\u00e1s de WEMB\u00c9\t\t\t<\/h2>\n\t\t<p class=\"qodef-m-text\" >En el coraz\u00f3n de nuestra marca, encontrar\u00e1s a dos individuos apasionados y comprometidos que han dado vida a la visi\u00f3n de WEMB\u00c9. Como due\u00f1os, comparten una profunda conexi\u00f3n con la naturaleza y un firme compromiso con la sostenibilidad en cada aspecto de nuestro negocio. Te invitamos a conocer a quienes lideran este viaje y a descubrir la historia y los valores que nos inspiran cada d\u00eda.<\/p>\n<\/div>\n\t\t\t\t<\/div>\n\t\t\t\t<\/div>\n\t\t\t\t\t<\/div>\n\t\t<\/div>\n\t\t\t\t<div class=\"elementor-column elementor-col-33 elementor-top-column elementor-element elementor-element-a7e7cc7\" data-id=\"a7e7cc7\" data-element_type=\"column\" data-e-type=\"column\">\n\t\t\t<div class=\"elementor-widget-wrap\">\n\t\t\t\t\t\t\t<\/div>\n\t\t<\/div>\n\t\t\t\t\t<\/div>\n\t\t<\/section>\n\t\t\t\t<section class=\"elementor-section elementor-top-section elementor-element elementor-element-8f2c587 elementor-section-boxed elementor-section-height-default elementor-section-height-default qodef-elementor-content-no\" data-id=\"8f2c587\" data-element_type=\"section\" data-e-type=\"section\">\n\t\t\t\t\t\t<div class=\"elementor-container elementor-column-gap-default\">\n\t\t\t\t\t<div class=\"elementor-column elementor-col-100 elementor-top-column elementor-element elementor-element-62990ea\" data-id=\"62990ea\" data-element_type=\"column\" data-e-type=\"column\">\n\t\t\t<div class=\"elementor-widget-wrap elementor-element-populated\">\n\t\t\t\t\t\t<div class=\"elementor-element elementor-element-5a32d59 elementor-widget elementor-widget-spacer\" data-id=\"5a32d59\" data-element_type=\"widget\" data-e-type=\"widget\" data-widget_type=\"spacer.default\">\n\t\t\t\t<div class=\"elementor-widget-container\">\n\t\t\t\t\t\t\t<div class=\"elementor-spacer\">\n\t\t\t<div class=\"elementor-spacer-inner\"><\/div>\n\t\t<\/div>\n\t\t\t\t\t\t<\/div>\n\t\t\t\t<\/div>\n\t\t\t\t\t<\/div>\n\t\t<\/div>\n\t\t\t\t\t<\/div>\n\t\t<\/section>\n\t\t\t\t<section class=\"elementor-section elementor-top-section elementor-element elementor-element-464ebfd elementor-section-boxed elementor-section-height-default elementor-section-height-default qodef-elementor-content-no\" data-id=\"464ebfd\" data-element_type=\"section\" data-e-type=\"section\">\n\t\t\t\t\t\t<div class=\"elementor-container elementor-column-gap-default\">\n\t\t\t\t\t<div class=\"elementor-column elementor-col-50 elementor-top-column elementor-element elementor-element-608be5b\" data-id=\"608be5b\" data-element_type=\"column\" data-e-type=\"column\">\n\t\t\t<div class=\"elementor-widget-wrap elementor-element-populated\">\n\t\t\t\t\t\t<div class=\"elementor-element elementor-element-18bd365 elementor-widget elementor-widget-askka_core_stacked_images\" data-id=\"18bd365\" data-element_type=\"widget\" data-e-type=\"widget\" data-widget_type=\"askka_core_stacked_images.default\">\n\t\t\t\t<div class=\"elementor-widget-container\">\n\t\t\t\t\t<div class=\"qodef-shortcode qodef-m  qodef-stacked-images qodef-layout--default qodef-stack--bottom-right\">\n\t<div class=\"qodef-m-images\">\n\t\t\t\t\t<img fetchpriority=\"high\" decoding=\"async\" width=\"1707\" height=\"2560\" src=\"https:\/\/wembe.com.py\/wp-content\/uploads\/2024\/05\/saddy-scaled.jpeg\" class=\"qodef-e-image qodef--main qodef-parallax-item\" alt=\"\" srcset=\"https:\/\/wembe.com.py\/wp-content\/uploads\/2024\/05\/saddy-scaled.jpeg 1707w, https:\/\/wembe.com.py\/wp-content\/uploads\/2024\/05\/saddy-200x300.jpeg 200w, https:\/\/wembe.com.py\/wp-content\/uploads\/2024\/05\/saddy-683x1024.jpeg 683w, https:\/\/wembe.com.py\/wp-content\/uploads\/2024\/05\/saddy-768x1152.jpeg 768w, https:\/\/wembe.com.py\/wp-content\/uploads\/2024\/05\/saddy-1024x1536.jpeg 1024w, https:\/\/wembe.com.py\/wp-content\/uploads\/2024\/05\/saddy-1365x2048.jpeg 1365w, https:\/\/wembe.com.py\/wp-content\/uploads\/2024\/05\/saddy-8x12.jpeg 8w, https:\/\/wembe.com.py\/wp-content\/uploads\/2024\/05\/saddy-1320x1980.jpeg 1320w, https:\/\/wembe.com.py\/wp-content\/uploads\/2024\/05\/saddy-600x900.jpeg 600w\" sizes=\"(max-width: 1707px) 100vw, 1707px\" \/>\t\t\t\t\t\t\t<img decoding=\"async\" width=\"1280\" height=\"1024\" src=\"https:\/\/wembe.com.py\/wp-content\/uploads\/2024\/05\/lines-2.png\" class=\"qodef-e-image qodef--stack qodef-parallax-item\" alt=\"\" srcset=\"https:\/\/wembe.com.py\/wp-content\/uploads\/2024\/05\/lines-2.png 1280w, https:\/\/wembe.com.py\/wp-content\/uploads\/2024\/05\/lines-2-300x240.png 300w, https:\/\/wembe.com.py\/wp-content\/uploads\/2024\/05\/lines-2-1024x819.png 1024w, https:\/\/wembe.com.py\/wp-content\/uploads\/2024\/05\/lines-2-768x614.png 768w, https:\/\/wembe.com.py\/wp-content\/uploads\/2024\/05\/lines-2-15x12.png 15w, https:\/\/wembe.com.py\/wp-content\/uploads\/2024\/05\/lines-2-600x480.png 600w\" sizes=\"(max-width: 1280px) 100vw, 1280px\" \/>\t\t\t<\/div>\n<\/div>\n\t\t\t\t<\/div>\n\t\t\t\t<\/div>\n\t\t\t\t\t<\/div>\n\t\t<\/div>\n\t\t\t\t<div class=\"elementor-column elementor-col-50 elementor-top-column elementor-element elementor-element-bda87eb\" data-id=\"bda87eb\" data-element_type=\"column\" data-e-type=\"column\">\n\t\t\t<div class=\"elementor-widget-wrap elementor-element-populated\">\n\t\t\t\t\t\t<div class=\"elementor-element elementor-element-5c47b90 elementor-widget elementor-widget-spacer\" data-id=\"5c47b90\" data-element_type=\"widget\" data-e-type=\"widget\" data-widget_type=\"spacer.default\">\n\t\t\t\t<div class=\"elementor-widget-container\">\n\t\t\t\t\t\t\t<div class=\"elementor-spacer\">\n\t\t\t<div class=\"elementor-spacer-inner\"><\/div>\n\t\t<\/div>\n\t\t\t\t\t\t<\/div>\n\t\t\t\t<\/div>\n\t\t\t\t<div class=\"elementor-element elementor-element-4f6f11f elementor-widget elementor-widget-askka_core_section_title\" data-id=\"4f6f11f\" data-element_type=\"widget\" data-e-type=\"widget\" data-widget_type=\"askka_core_section_title.default\">\n\t\t\t\t<div class=\"elementor-widget-container\">\n\t\t\t\t\t<div class=\"qodef-shortcode qodef-m  qodef-section-title qodef-alignment--left\"  >\n\t\t<var class=\"qodef-m-background-text\"  >\n\t\t<span>Saddy<\/span>\n\t<\/var>\n\t\t<span class=\"qodef-m-subtitle\" >CEO<\/span>\n\t\t<h3 class=\"qodef-m-title\" style=\"margin-top: 3px\">\n\t\t\t\t\tSaddy Pavetti\t\t\t<\/h3>\n\t<\/div>\n\t\t\t\t<\/div>\n\t\t\t\t<\/div>\n\t\t\t\t<div class=\"elementor-element elementor-element-41d9c4f elementor-widget elementor-widget-text-editor\" data-id=\"41d9c4f\" data-element_type=\"widget\" data-e-type=\"widget\" data-widget_type=\"text-editor.default\">\n\t\t\t\t<div class=\"elementor-widget-container\">\n\t\t\t\t\t\t\t\t\t<p><strong>Estudios:<\/strong> Licenciada en Administraci\u00f3n de Empresas, Comercio Internacional<\/p><p><strong>Trayectoria:<\/strong> Con una carrera de 11 a\u00f1os en el sector privado, Saddy Pavetti ha destacado como l\u00edder en marketing, demostrando una s\u00f3lida experiencia en la creaci\u00f3n y ejecuci\u00f3n de estrategias comerciales. Su pasi\u00f3n por el emprendedurismo la llev\u00f3 a fundar tres proyectos propios, donde demostr\u00f3 su capacidad para liderar equipos y alcanzar metas ambiciosas.<\/p><p>Fue durante este per\u00edodo que Saddy descubri\u00f3 Wemb\u00e9, una empresa que cautiv\u00f3 su inter\u00e9s por su enfoque innovador y su compromiso con la sostenibilidad. Desde entonces, ha sido una pieza fundamental en el equipo directivo, enfocando sus esfuerzos en el desarrollo e implementaci\u00f3n de estrategias de marketing y comunicaci\u00f3n que han llevado a la marca a nuevos niveles de \u00e9xito.<\/p><p>Adem\u00e1s de su destacada trayectoria profesional, Saddy tambi\u00e9n se distingue por su estilo de vida vegetariano y su compromiso con el medio ambiente. Como madre de una adolescente de 14 a\u00f1os, encuentra inspiraci\u00f3n en su familia para seguir impulsando el crecimiento y la innovaci\u00f3n en Wemb\u00e9.<\/p>\t\t\t\t\t\t\t\t<\/div>\n\t\t\t\t<\/div>\n\t\t\t\t\t<\/div>\n\t\t<\/div>\n\t\t\t\t\t<\/div>\n\t\t<\/section>\n\t\t\t\t<section class=\"elementor-section elementor-top-section elementor-element elementor-element-6552ccb elementor-section-boxed elementor-section-height-default elementor-section-height-default qodef-elementor-content-no\" data-id=\"6552ccb\" data-element_type=\"section\" data-e-type=\"section\">\n\t\t\t\t\t\t<div class=\"elementor-container elementor-column-gap-default\">\n\t\t\t\t\t<div class=\"elementor-column elementor-col-100 elementor-top-column elementor-element elementor-element-653cf1f\" data-id=\"653cf1f\" data-element_type=\"column\" data-e-type=\"column\">\n\t\t\t<div class=\"elementor-widget-wrap elementor-element-populated\">\n\t\t\t\t\t\t<div class=\"elementor-element elementor-element-ac23ea5 elementor-widget elementor-widget-spacer\" data-id=\"ac23ea5\" data-element_type=\"widget\" data-e-type=\"widget\" data-widget_type=\"spacer.default\">\n\t\t\t\t<div class=\"elementor-widget-container\">\n\t\t\t\t\t\t\t<div class=\"elementor-spacer\">\n\t\t\t<div class=\"elementor-spacer-inner\"><\/div>\n\t\t<\/div>\n\t\t\t\t\t\t<\/div>\n\t\t\t\t<\/div>\n\t\t\t\t\t<\/div>\n\t\t<\/div>\n\t\t\t\t\t<\/div>\n\t\t<\/section>\n\t\t\t\t<section class=\"elementor-section elementor-top-section elementor-element elementor-element-a1401f6 elementor-section-boxed elementor-section-height-default elementor-section-height-default qodef-elementor-content-no\" data-id=\"a1401f6\" data-element_type=\"section\" data-e-type=\"section\">\n\t\t\t\t\t\t<div class=\"elementor-container elementor-column-gap-default\">\n\t\t\t\t\t<div class=\"elementor-column elementor-col-50 elementor-top-column elementor-element elementor-element-64aad8e\" data-id=\"64aad8e\" data-element_type=\"column\" data-e-type=\"column\">\n\t\t\t<div class=\"elementor-widget-wrap elementor-element-populated\">\n\t\t\t\t\t\t<div class=\"elementor-element elementor-element-8e380b8 elementor-widget elementor-widget-spacer\" data-id=\"8e380b8\" data-element_type=\"widget\" data-e-type=\"widget\" data-widget_type=\"spacer.default\">\n\t\t\t\t<div class=\"elementor-widget-container\">\n\t\t\t\t\t\t\t<div class=\"elementor-spacer\">\n\t\t\t<div class=\"elementor-spacer-inner\"><\/div>\n\t\t<\/div>\n\t\t\t\t\t\t<\/div>\n\t\t\t\t<\/div>\n\t\t\t\t<div class=\"elementor-element elementor-element-8c83de7 elementor-widget elementor-widget-askka_core_section_title\" data-id=\"8c83de7\" data-element_type=\"widget\" data-e-type=\"widget\" data-widget_type=\"askka_core_section_title.default\">\n\t\t\t\t<div class=\"elementor-widget-container\">\n\t\t\t\t\t<div class=\"qodef-shortcode qodef-m  qodef-section-title qodef-alignment--left\"  >\n\t\t<var class=\"qodef-m-background-text\"  >\n\t\t<span>Russo<\/span>\n\t<\/var>\n\t\t<span class=\"qodef-m-subtitle\" >COO<\/span>\n\t\t<h3 class=\"qodef-m-title\" style=\"margin-top: 3px\">\n\t\t\t\t\tFrancesco Russo\t\t\t<\/h3>\n\t<\/div>\n\t\t\t\t<\/div>\n\t\t\t\t<\/div>\n\t\t\t\t<div class=\"elementor-element elementor-element-4f2cbe9 elementor-widget elementor-widget-text-editor\" data-id=\"4f2cbe9\" data-element_type=\"widget\" data-e-type=\"widget\" data-widget_type=\"text-editor.default\">\n\t\t\t\t<div class=\"elementor-widget-container\">\n\t\t\t\t\t\t\t\t\t<p><strong>Estudios:<\/strong> Dise\u00f1o Gr\u00e1fico, Inform\u00e1tica, M\u00fasica.<\/p><p>Es el Director de Operaciones (COO) y el genio creativo detr\u00e1s del branding de WEMB\u00c9. Con una formaci\u00f3n s\u00f3lida en dise\u00f1o gr\u00e1fico y especializaci\u00f3n en branding, Francesco ha sido fundamental en la construcci\u00f3n y fortalecimiento de la identidad visual de nuestra marca. Su pasi\u00f3n por el dise\u00f1o y su meticulosa atenci\u00f3n al detalle aseguran que cada uno de nuestros productos no solo sea efectivo, sino tambi\u00e9n est\u00e9ticamente atractivo y representativo de nuestros valores.<\/p><p>Como vegetariano y defensor de un estilo de vida sostenible, encarna los principios fundamentales de la marca. Su compromiso con la sostenibilidad se refleja en cada decisi\u00f3n que toma, desde la elecci\u00f3n de materiales ecol\u00f3gicos hasta la implementaci\u00f3n de pr\u00e1cticas comerciales \u00e9ticas. Bajo su liderazgo, WEMB\u00c9 ha prosperado como una marca que no solo promueve la belleza natural, sino tambi\u00e9n un impacto positivo en el planeta.<\/p><p>Francesco cree firmemente en la capacidad del dise\u00f1o para contar historias y cambiar percepciones. Su enfoque innovador y su dedicaci\u00f3n inquebrantable a la misi\u00f3n de la marca contin\u00faan impulsando la empresa hacia un futuro m\u00e1s sostenible y consciente.<\/p>\t\t\t\t\t\t\t\t<\/div>\n\t\t\t\t<\/div>\n\t\t\t\t\t<\/div>\n\t\t<\/div>\n\t\t\t\t<div class=\"elementor-column elementor-col-50 elementor-top-column elementor-element elementor-element-3f132a5\" data-id=\"3f132a5\" data-element_type=\"column\" data-e-type=\"column\">\n\t\t\t<div class=\"elementor-widget-wrap elementor-element-populated\">\n\t\t\t\t\t\t<div class=\"elementor-element elementor-element-700a916 elementor-widget elementor-widget-askka_core_stacked_images\" data-id=\"700a916\" data-element_type=\"widget\" data-e-type=\"widget\" data-widget_type=\"askka_core_stacked_images.default\">\n\t\t\t\t<div class=\"elementor-widget-container\">\n\t\t\t\t\t<div class=\"qodef-shortcode qodef-m  qodef-stacked-images qodef-layout--default qodef-stack--bottom-left\">\n\t<div class=\"qodef-m-images\">\n\t\t\t\t\t<img decoding=\"async\" width=\"1707\" height=\"2560\" src=\"https:\/\/wembe.com.py\/wp-content\/uploads\/2024\/05\/Russo-scaled.jpeg\" class=\"qodef-e-image qodef--main qodef-parallax-item\" alt=\"\" srcset=\"https:\/\/wembe.com.py\/wp-content\/uploads\/2024\/05\/Russo-scaled.jpeg 1707w, https:\/\/wembe.com.py\/wp-content\/uploads\/2024\/05\/Russo-200x300.jpeg 200w, https:\/\/wembe.com.py\/wp-content\/uploads\/2024\/05\/Russo-683x1024.jpeg 683w, https:\/\/wembe.com.py\/wp-content\/uploads\/2024\/05\/Russo-768x1152.jpeg 768w, https:\/\/wembe.com.py\/wp-content\/uploads\/2024\/05\/Russo-1024x1536.jpeg 1024w, https:\/\/wembe.com.py\/wp-content\/uploads\/2024\/05\/Russo-1365x2048.jpeg 1365w, https:\/\/wembe.com.py\/wp-content\/uploads\/2024\/05\/Russo-8x12.jpeg 8w, https:\/\/wembe.com.py\/wp-content\/uploads\/2024\/05\/Russo-1320x1980.jpeg 1320w, https:\/\/wembe.com.py\/wp-content\/uploads\/2024\/05\/Russo-600x900.jpeg 600w\" sizes=\"(max-width: 1707px) 100vw, 1707px\" \/>\t\t\t\t\t\t\t<img loading=\"lazy\" decoding=\"async\" width=\"1280\" height=\"1024\" src=\"https:\/\/wembe.com.py\/wp-content\/uploads\/2024\/05\/lines-1.png\" class=\"qodef-e-image qodef--stack qodef-parallax-item\" alt=\"\" srcset=\"https:\/\/wembe.com.py\/wp-content\/uploads\/2024\/05\/lines-1.png 1280w, https:\/\/wembe.com.py\/wp-content\/uploads\/2024\/05\/lines-1-300x240.png 300w, https:\/\/wembe.com.py\/wp-content\/uploads\/2024\/05\/lines-1-1024x819.png 1024w, https:\/\/wembe.com.py\/wp-content\/uploads\/2024\/05\/lines-1-768x614.png 768w, https:\/\/wembe.com.py\/wp-content\/uploads\/2024\/05\/lines-1-15x12.png 15w, https:\/\/wembe.com.py\/wp-content\/uploads\/2024\/05\/lines-1-600x480.png 600w\" sizes=\"(max-width: 1280px) 100vw, 1280px\" \/>\t\t\t<\/div>\n<\/div>\n\t\t\t\t<\/div>\n\t\t\t\t<\/div>\n\t\t\t\t\t<\/div>\n\t\t<\/div>\n\t\t\t\t\t<\/div>\n\t\t<\/section>\n\t\t\t\t<section class=\"elementor-section elementor-top-section elementor-element elementor-element-b73c925 elementor-section-boxed elementor-section-height-default elementor-section-height-default qodef-elementor-content-no\" data-id=\"b73c925\" data-element_type=\"section\" data-e-type=\"section\">\n\t\t\t\t\t\t<div class=\"elementor-container elementor-column-gap-default\">\n\t\t\t\t\t<div class=\"elementor-column elementor-col-100 elementor-top-column elementor-element elementor-element-631b201\" data-id=\"631b201\" data-element_type=\"column\" data-e-type=\"column\">\n\t\t\t<div class=\"elementor-widget-wrap elementor-element-populated\">\n\t\t\t\t\t\t<div class=\"elementor-element elementor-element-a025f12 elementor-widget elementor-widget-askka_core_separator\" data-id=\"a025f12\" data-element_type=\"widget\" data-e-type=\"widget\" data-widget_type=\"askka_core_separator.default\">\n\t\t\t\t<div class=\"elementor-widget-container\">\n\t\t\t\t\t<div class=\"qodef-shortcode qodef-m  qodef-separator clear qodef-position--center\">\n\t<div class=\"qodef-m-line\" style=\"width: 50%;border-bottom-width: 2px;margin-top: 120px;margin-bottom: 120px\"><\/div>\n<\/div>\n\t\t\t\t<\/div>\n\t\t\t\t<\/div>\n\t\t\t\t\t<\/div>\n\t\t<\/div>\n\t\t\t\t\t<\/div>\n\t\t<\/section>\n\t\t\t\t<\/div>","protected":false},"excerpt":{"rendered":"<p>Qui\u00e9nes somos Detr\u00e1s de WEMB\u00c9 En el coraz\u00f3n de nuestra marca, encontrar\u00e1s a dos individuos apasionados y comprometidos que han dado vida a la visi\u00f3n de WEMB\u00c9. Como due\u00f1os, comparten una profunda conexi\u00f3n con la naturaleza y un firme compromiso con la sostenibilidad en cada aspecto de nuestro negocio. Te invitamos a conocer a quienes [&hellip;]<\/p>\n","protected":false},"author":1,"featured_media":0,"parent":0,"menu_order":0,"comment_status":"closed","ping_status":"closed","template":"","meta":{"_joinchat":[],"footnotes":""},"class_list":["post-10809","page","type-page","status-publish","hentry"],"jetpack_sharing_enabled":true,"_links":{"self":[{"href":"https:\/\/wembe.com.py\/en\/wp-json\/wp\/v2\/pages\/10809","targetHints":{"allow":["GET"]}}],"collection":[{"href":"https:\/\/wembe.com.py\/en\/wp-json\/wp\/v2\/pages"}],"about":[{"href":"https:\/\/wembe.com.py\/en\/wp-json\/wp\/v2\/types\/page"}],"author":[{"embeddable":true,"href":"https:\/\/wembe.com.py\/en\/wp-json\/wp\/v2\/users\/1"}],"replies":[{"embeddable":true,"href":"https:\/\/wembe.com.py\/en\/wp-json\/wp\/v2\/comments?post=10809"}],"version-history":[{"count":18,"href":"https:\/\/wembe.com.py\/en\/wp-json\/wp\/v2\/pages\/10809\/revisions"}],"predecessor-version":[{"id":11057,"href":"https:\/\/wembe.com.py\/en\/wp-json\/wp\/v2\/pages\/10809\/revisions\/11057"}],"wp:attachment":[{"href":"https:\/\/wembe.com.py\/en\/wp-json\/wp\/v2\/media?parent=10809"}],"curies":[{"name":"wp","href":"https:\/\/api.w.org\/{rel}","templated":true}]}}